{"id":8,"date":"2019-09-04T14:27:50","date_gmt":"2019-09-04T14:27:50","guid":{"rendered":"http:\/\/miriampeuserphotography.de\/mimi\/?p=8"},"modified":"2026-03-06T20:20:40","modified_gmt":"2026-03-06T20:20:40","slug":"preise","status":"publish","type":"page","link":"https:\/\/www.miriampeuserphotography.de\/en\/preise\/","title":{"rendered":"Prices"},"content":{"rendered":"<h1>Preise<\/h1>\n<p><img src=\"\/wp-content\/uploads\/2025\/02\/olivebranch.jpg\" alt=\"\"><\/p>\n<div>\n<p style=\"text-align: center;\">Ich freue mich sehr, dass du dich f\u00fcr meine Arbeit interessierst und gemeinsam mit mir wertvolle Erinnerungen kreieren m\u00f6chtest. Ein Fotoshoot ist n\u00e4mlich nicht nur ein Luxus, den du dir g\u00f6nnen kannst, sondern auch eine Investition in die Zukunft. Ich m\u00f6chte mit meinen Bildern Menschen gl\u00fccklich machen, sodass sie noch lange Zeit sp\u00e4ter zur\u00fcckschauen und sich daran erfreuen k\u00f6nnen!<\/p>\n<\/div>\n<hr>\n<p><img src=\"\/wp-content\/uploads\/2025\/05\/paket1_headline-scaled.jpg\" alt=\"\"><\/p>\n<div>\n<h5 style=\"text-align: center;\">30 Minuten<\/h5>\n<h5 style=\"text-align: center;\">inkl. 20 Dateien<\/h5>\n<h4 style=\"text-align: center;\">210 \u20ac* (regul\u00e4r 280\u20ac)<\/h4>\n<h5 style=\"text-align: center;\">weitere Bilder f\u00fcr 10\u20ac\/Datei nachbuchbar<\/h5>\n<p style=\"text-align: center;\">*inkl. 25% Ver\u00f6ffentlichungsnachlass<\/p>\n<p style=\"text-align: center;\"><strong>** NICHT f\u00fcr NEWBORN SESSIONS buchbar<\/strong><\/p>\n<\/div>\n<p><img src=\"\/wp-content\/uploads\/2025\/05\/paket2_headline-scaled.jpg\" alt=\"\"><\/p>\n<div>\n<h5 style=\"text-align: center;\">60 Minuten<\/h5>\n<h5 style=\"text-align: center;\">inkl. 40 Dateien<\/h5>\n<h4 style=\"text-align: center;\">300 \u20ac* (regul\u00e4r 400\u20ac)<\/h4>\n<h5 style=\"text-align: center;\">weitere Bilder f\u00fcr 10\u20ac\/Datei nachbuchbar<\/h5>\n<p style=\"text-align: center;\">*inkl. 25% Ver\u00f6ffentlichungsnachlass<\/p>\n<\/div>\n<p><img src=\"\/wp-content\/uploads\/2025\/05\/paket3_headline-scaled.jpg\" alt=\"\"><\/p>\n<div>\n<h5 style=\"text-align: center;\">ca. 90 Minuten<\/h5>\n<h5 style=\"text-align: center;\">inkl. aller verwertbaren Dateien (mind. 70)<\/h5>\n<h5 style=\"text-align: center;\">inkl. Fotobuch (19x19cm, 26 Seiten)<\/h5>\n<h4 style=\"text-align: center;\">500 \u20ac* (regul\u00e4r 666 \u20ac)<\/h4>\n<p style=\"text-align: center;\">*inkl. 25% Ver\u00f6ffentlichungsnachlass<\/p>\n<\/div>\n<hr>\n<p><img src=\"\/wp-content\/uploads\/2025\/05\/kombi_headline-scaled.jpg\" alt=\"\"><\/p>\n<div>\n<h5 style=\"text-align: center;\">Wertvolle Erinnerungen an die Kugelzeit und an die erste gemeinsame Kennenlernzeit &#8211; und das alles aus einem Guss!<\/h5>\n<h5 style=\"text-align: center;\">Ganz entspannt, nat\u00fcrlich und detailverliebt!<\/h5>\n<\/div>\n<p><img src=\"\/wp-content\/uploads\/2025\/05\/kombi_collage.jpg\" alt=\"\"><\/p>\n<div>\n<h4 style=\"text-align: center;\">Kombipaket Babybauch + Newborn\u00a0<\/h4>\n<h5 style=\"text-align: center;\">2 Shoots, jeweils 60 Min<\/h5>\n<h5 style=\"text-align: center;\">inkl. jeweils 50 Dateien (insgesamt 100)<\/h5>\n<h5 style=\"text-align: center;\">inkl. 2x kleines Fotobuch (19x19cm, 26 Seiten)<\/h5>\n<p style=\"text-align: center;\">\n<h4 style=\"text-align: center;\"><strong>600 \u20ac* (regul\u00e4r 800\u20ac)<\/strong><\/h4>\n<p style=\"text-align: center;\">*inkl. 25% Ver\u00f6ffentlichungsnachlass<\/p>\n<\/div>\n<hr>\n<p><img src=\"\/wp-content\/uploads\/2025\/05\/firstyear_headline-scaled.jpg\" alt=\"\"><\/p>\n<div>\n<h5 style=\"text-align: center;\">Ein ganzes Jahr voller unvergesslicher Momente, die viel zu schnell vorbeigehen<\/h5>\n<h5 style=\"text-align: center;\">&#8211; vom Babybauch bis zum ersten Geburtstag!<\/h5>\n<\/div>\n<p><img src=\"\/wp-content\/uploads\/2025\/05\/oneyear_collage.jpg\" alt=\"\"><\/p>\n<div>\n<h4 style=\"text-align: center;\">Kombipaket Babybauch + Newborn + 6 Monate + 12 Monate<\/h4>\n<h5 style=\"text-align: center;\"><\/h5>\n<h5 style=\"text-align: center;\">4 Shoots, jeweils 60 Min<\/h5>\n<h5 style=\"text-align: center;\">inkl. jeweils 50+ Dateien (insgesamt 200+)<\/h5>\n<h5 style=\"text-align: center;\">inkl. 1x Fotobuch mit Leinencover (28x28cm, 32 Seiten)<\/h5>\n<\/p>\n<h4 style=\"text-align: center;\"><strong>1200 \u20ac* (regul\u00e4r 1500\u20ac)<\/strong><\/h4>\n<p style=\"text-align: center;\">*inkl. 25% Ver\u00f6ffentlichungsnachlass<\/p>\n<\/div>\n<hr>\n<p><img src=\"\/wp-content\/uploads\/2025\/05\/kalender_headline-scaled.jpg\" alt=\"\"><\/p>\n<div>\n<h5 style=\"text-align: center;\">Die Magie der vier Jahreszeiten, eingefangen in vier Shoots, verewigt in einem Kalender<\/h5>\n<h5 style=\"text-align: center;\">&#8211; perfekt zum Verscheken oder selbst Behalten!<\/h5>\n<\/div>\n<p><img src=\"\/wp-content\/uploads\/2025\/05\/kalender_collage.jpg\" alt=\"\"><\/p>\n<div>\n<h4 style=\"text-align: center;\">4 Mini Shoots, jeweils 20 Min<\/h4>\n<h5 style=\"text-align: center;\">inkl. jeweils 15 Dateien (insgesamt 60)<\/h5>\n<h5 style=\"text-align: center;\">inkl. 1x Wandkalender mit Kalendarium im A4-Format (20x30cm)<\/h5>\n<h5 style=\"text-align: center;\">weitere Dateien f\u00fcr je 10\u20ac\/Bild nachbuchbar<\/h5>\n<h5 style=\"text-align: center;\">weitere Kalender nachbuchbar<\/h5>\n<\/p>\n<h4 style=\"text-align: center;\"><strong>600 \u20ac* (regul\u00e4r 800\u20ac)<\/strong><\/h4>\n<p style=\"text-align: center;\">*inkl. 25% Ver\u00f6ffentlichungsnachlass<\/p>\n<\/div>\n<hr>\n<p><img src=\"\/wp-content\/uploads\/2021\/12\/gutscheine2020_novqu-scaled.jpg\" alt=\"\"><\/p>\n<h1>\n<h4 style=\"text-align: center;\">GUTSCHEIN<\/h4>\n<\/h1>\n<div>\n<h5 style=\"text-align: center;\">Verschenke wertvolle Erinnerungen an gemeinsame Momente!<\/h5>\n<h5>Dabei kannst du zwischen einem Wertgutschein oder einem meiner Pakete (siehe Preiskatalog) w\u00e4hlen.<\/h5>\n<h4 style=\"text-align: center;\"><strong>AB 50,- \u20ac*<\/strong><\/h4>\n<p style=\"text-align: center;\">(*Wertgutschein; keine Barauszahlung m\u00f6glich)<\/p>\n<\/div>\n<h1>\n<h4 style=\"text-align: center;\">WEDDING<\/h4>\n<\/h1>\n<div>\n<h5 style=\"text-align: center;\">An eurer Hochzeit begleite ich euch f\u00fcr <strong>6,8,10 oder 12 Stunden<\/strong> &#8211; bei kleinen standesamtlichen Trauungen auch k\u00fcrzer.<\/h5>\n<h4 style=\"text-align: center;\"><strong>Ab 1500,- \u20ac* (6 Std.)<br \/><\/strong><\/h4>\n<p style=\"text-align: center;\">(*inkl. 25% Ver\u00f6ffentlichungsnachlass)<\/p>\n<h5 style=\"text-align: center;\">Schreibt mir dazu gerne \u00fcber das Kontaktformular und erz\u00e4hlt mir mehr von euch und euren Pl\u00e4nen!<\/h5>\n<\/div>\n<p>\n    <a href=\"\/index.php?page_id=19\">Mehr Infos Auf Anfrage<\/a>\n<\/p>\n<p><img src=\"\/wp-content\/uploads\/2023\/10\/SofieDamian_Wedding07Juli23_MiriamPeuserPhotography-286-scaled.jpg\" alt=\"\"><\/p>\n<hr>\n<p><!--more--><br \/>\n<!-- {\"type\":\"layout\",\"children\":[{\"type\":\"section\",\"props\":{\"style\":\"default\",\"width\":\"default\",\"vertical_align\":\"middle\",\"title_position\":\"top-left\",\"title_rotation\":\"left\",\"title_breakpoint\":\"xl\",\"image_position\":\"center-center\"},\"children\":[{\"type\":\"row\",\"children\":[{\"type\":\"column\",\"props\":{\"image_position\":\"center-center\",\"media_overlay_gradient\":\"\"},\"children\":[{\"type\":\"headline\",\"props\":{\"title_element\":\"h1\",\"content\":\"Preise\",\"text_align\":\"center\",\"title_decoration\":\"line\"}},{\"type\":\"image\",\"props\":{\"margin\":\"default\",\"image_svg_color\":\"emphasis\",\"image\":\"wp-content\\\/uploads\\\/2025\\\/02\\\/olivebranch.jpg\",\"image_width\":\"200\",\"text_align\":\"center\"}},{\"type\":\"text\",\"props\":{\"margin\":\"default\",\"column_breakpoint\":\"m\",\"content\":\"\n\n<p style=\\\"text-align: center;\\\">Ich freue mich sehr, dass du dich f\\u00fcr meine Arbeit interessierst und gemeinsam mit mir wertvolle Erinnerungen kreieren m\\u00f6chtest. Ein Fotoshoot ist n\\u00e4mlich nicht nur ein Luxus, den du dir g\\u00f6nnen kannst, sondern auch eine Investition in die Zukunft. Ich m\\u00f6chte mit meinen Bildern Menschen gl\\u00fccklich machen, sodass sie noch lange Zeit sp\\u00e4ter zur\\u00fcckschauen und sich daran erfreuen k\\u00f6nnen!<\\\/p>\"}},{\"type\":\"divider\",\"props\":{\"divider_element\":\"hr\"}}]}]}]},{\"type\":\"section\",\"props\":{\"style\":\"default\",\"width\":\"default\",\"vertical_align\":\"middle\",\"title_position\":\"top-left\",\"title_rotation\":\"left\",\"title_breakpoint\":\"xl\",\"image_position\":\"center-center\"},\"children\":[{\"type\":\"row\",\"children\":[{\"type\":\"column\",\"props\":{\"image_position\":\"center-center\",\"media_overlay_gradient\":\"\"},\"children\":[{\"type\":\"image\",\"props\":{\"margin\":\"default\",\"image_svg_color\":\"emphasis\",\"image\":\"wp-content\\\/uploads\\\/2025\\\/05\\\/paket1_headline-scaled.jpg\",\"image_width\":\"400\",\"text_align\":\"center\"}},{\"type\":\"text\",\"props\":{\"margin\":\"default\",\"column_breakpoint\":\"m\",\"content\":\"\n\n<h5 style=\\\"text-align: center;\\\">30 Minuten<\\\/h5>\\n\n\n<h5 style=\\\"text-align: center;\\\">inkl. 20 Dateien<\\\/h5>\\n\n\n<h4 style=\\\"text-align: center;\\\">210 \\u20ac* (regul\\u00e4r 280\\u20ac)<\\\/h4>\\n\n\n<h5 style=\\\"text-align: center;\\\">weitere Bilder f\\u00fcr 10\\u20ac\\\/Datei nachbuchbar<\\\/h5>\\n\n\n<p style=\\\"text-align: center;\\\">*inkl. 25% Ver\\u00f6ffentlichungsnachlass<\\\/p>\\n\n\n<p style=\\\"text-align: center;\\\"><strong>** NICHT f\\u00fcr NEWBORN SESSIONS buchbar<\\\/strong><\\\/p>\"}}]}]}]},{\"type\":\"section\",\"props\":{\"style\":\"default\",\"width\":\"default\",\"vertical_align\":\"middle\",\"title_position\":\"top-left\",\"title_rotation\":\"left\",\"title_breakpoint\":\"xl\",\"image_position\":\"center-center\"},\"children\":[{\"type\":\"row\",\"children\":[{\"type\":\"column\",\"props\":{\"image_position\":\"center-center\",\"media_overlay_gradient\":\"\"},\"children\":[{\"type\":\"image\",\"props\":{\"margin\":\"default\",\"image_svg_color\":\"emphasis\",\"image\":\"wp-content\\\/uploads\\\/2025\\\/05\\\/paket2_headline-scaled.jpg\",\"image_width\":\"400\",\"text_align\":\"center\"}},{\"type\":\"text\",\"props\":{\"margin\":\"default\",\"column_breakpoint\":\"m\",\"content\":\"\n\n<h5 style=\\\"text-align: center;\\\">60 Minuten<\\\/h5>\\n\n\n<h5 style=\\\"text-align: center;\\\">inkl. 40 Dateien<\\\/h5>\\n\n\n<h4 style=\\\"text-align: center;\\\">300 \\u20ac* (regul\\u00e4r 400\\u20ac)<\\\/h4>\\n\n\n<h5 style=\\\"text-align: center;\\\">weitere Bilder f\\u00fcr 10\\u20ac\\\/Datei nachbuchbar<\\\/h5>\\n\n\n<p style=\\\"text-align: center;\\\">*inkl. 25% Ver\\u00f6ffentlichungsnachlass<\\\/p>\"}}]}]}]},{\"type\":\"section\",\"props\":{\"style\":\"default\",\"width\":\"default\",\"vertical_align\":\"middle\",\"title_position\":\"top-left\",\"title_rotation\":\"left\",\"title_breakpoint\":\"xl\",\"image_position\":\"center-center\"},\"children\":[{\"type\":\"row\",\"children\":[{\"type\":\"column\",\"props\":{\"image_position\":\"center-center\",\"media_overlay_gradient\":\"\"},\"children\":[{\"type\":\"image\",\"props\":{\"margin\":\"default\",\"image_svg_color\":\"emphasis\",\"image\":\"wp-content\\\/uploads\\\/2025\\\/05\\\/paket3_headline-scaled.jpg\",\"image_width\":\"400\",\"text_align\":\"center\"}},{\"type\":\"text\",\"props\":{\"margin\":\"default\",\"column_breakpoint\":\"m\",\"content\":\"\n\n<h5 style=\\\"text-align: center;\\\">ca. 90 Minuten<\\\/h5>\\n\n\n<h5 style=\\\"text-align: center;\\\">inkl. aller verwertbaren Dateien (mind. 70)<\\\/h5>\\n\n\n<h5 style=\\\"text-align: center;\\\">inkl. Fotobuch (19x19cm, 26 Seiten)<\\\/h5>\\n\n\n<h4 style=\\\"text-align: center;\\\">500 \\u20ac* (regul\\u00e4r 666 \\u20ac)<\\\/h4>\\n\n\n<p style=\\\"text-align: center;\\\">*inkl. 25% Ver\\u00f6ffentlichungsnachlass<\\\/p>\"}}]}]}]},{\"type\":\"section\",\"props\":{\"style\":\"default\",\"width\":\"default\",\"vertical_align\":\"middle\",\"title_position\":\"top-left\",\"title_rotation\":\"left\",\"title_breakpoint\":\"xl\",\"image_position\":\"center-center\"},\"children\":[{\"type\":\"row\",\"children\":[{\"type\":\"column\",\"props\":{\"image_position\":\"center-center\",\"media_overlay_gradient\":\"\"},\"children\":[{\"type\":\"divider\",\"props\":{\"divider_element\":\"hr\"}}]}]}]},{\"type\":\"section\",\"props\":{\"style\":\"default\",\"width\":\"default\",\"vertical_align\":\"middle\",\"title_position\":\"top-left\",\"title_rotation\":\"left\",\"title_breakpoint\":\"xl\",\"image_position\":\"center-center\"},\"children\":[{\"type\":\"row\",\"children\":[{\"type\":\"column\",\"props\":{\"image_position\":\"center-center\",\"media_overlay_gradient\":\"\"},\"children\":[{\"type\":\"image\",\"props\":{\"margin\":\"default\",\"image_svg_color\":\"emphasis\",\"image\":\"wp-content\\\/uploads\\\/2025\\\/05\\\/kombi_headline-scaled.jpg\",\"text_align\":\"center\",\"image_width\":\"1000\"}},{\"type\":\"text\",\"props\":{\"margin\":\"default\",\"column_breakpoint\":\"m\",\"content\":\"\n\n<h5 style=\\\"text-align: center;\\\">Wertvolle Erinnerungen an die Kugelzeit und an die erste gemeinsame Kennenlernzeit - und das alles aus einem Guss!<\\\/h5>\\n\n\n<h5 style=\\\"text-align: center;\\\">Ganz entspannt, nat\\u00fcrlich und detailverliebt!<\\\/h5>\"}},{\"type\":\"image\",\"props\":{\"margin\":\"default\",\"image_svg_color\":\"emphasis\",\"image\":\"wp-content\\\/uploads\\\/2025\\\/05\\\/kombi_collage.jpg\",\"text_align\":\"center\",\"image_width\":\"1000\"}},{\"type\":\"text\",\"props\":{\"margin\":\"default\",\"column_breakpoint\":\"m\",\"content\":\"\n\n<h4 style=\\\"text-align: center;\\\">Kombipaket Babybauch + Newborn\\u00a0<\\\/h4>\\n\n\n<h5 style=\\\"text-align: center;\\\">2 Shoots, jeweils 60 Min<\\\/h5>\\n\n\n<h5 style=\\\"text-align: center;\\\">inkl. jeweils 50 Dateien (insgesamt 100)<\\\/h5>\\n\n\n<h5 style=\\\"text-align: center;\\\">inkl. 2x kleines Fotobuch (19x19cm, 26 Seiten)<\\\/h5>\\n\n\n<p style=\\\"text-align: center;\\\"><\\\/p>\\n\n\n<h4 style=\\\"text-align: center;\\\"><strong>600 \\u20ac* (regul\\u00e4r 800\\u20ac)<\\\/strong><\\\/h4>\\n\n\n<p style=\\\"text-align: center;\\\">*inkl. 25% Ver\\u00f6ffentlichungsnachlass<\\\/p>\"}}]}]}]},{\"type\":\"section\",\"props\":{\"style\":\"default\",\"width\":\"default\",\"vertical_align\":\"middle\",\"title_position\":\"top-left\",\"title_rotation\":\"left\",\"title_breakpoint\":\"xl\",\"image_position\":\"center-center\"},\"children\":[{\"type\":\"row\",\"children\":[{\"type\":\"column\",\"props\":{\"image_position\":\"center-center\",\"media_overlay_gradient\":\"\"},\"children\":[{\"type\":\"divider\",\"props\":{\"divider_element\":\"hr\"}}]}]}]},{\"type\":\"section\",\"props\":{\"style\":\"default\",\"width\":\"default\",\"vertical_align\":\"middle\",\"title_position\":\"top-left\",\"title_rotation\":\"left\",\"title_breakpoint\":\"xl\",\"image_position\":\"center-center\"},\"children\":[{\"type\":\"row\",\"children\":[{\"type\":\"column\",\"props\":{\"image_position\":\"center-center\",\"media_overlay_gradient\":\"\"},\"children\":[{\"type\":\"image\",\"props\":{\"margin\":\"default\",\"image_svg_color\":\"emphasis\",\"image\":\"wp-content\\\/uploads\\\/2025\\\/05\\\/firstyear_headline-scaled.jpg\",\"text_align\":\"center\",\"image_width\":\"1000\"}},{\"type\":\"text\",\"props\":{\"margin\":\"default\",\"column_breakpoint\":\"m\",\"content\":\"\n\n<h5 style=\\\"text-align: center;\\\">Ein ganzes Jahr voller unvergesslicher Momente, die viel zu schnell vorbeigehen<\\\/h5>\\n\n\n<h5 style=\\\"text-align: center;\\\">- vom Babybauch bis zum ersten Geburtstag!<\\\/h5>\"}},{\"type\":\"image\",\"props\":{\"margin\":\"default\",\"image_svg_color\":\"emphasis\",\"image\":\"wp-content\\\/uploads\\\/2025\\\/05\\\/oneyear_collage.jpg\",\"text_align\":\"center\"}},{\"type\":\"text\",\"props\":{\"margin\":\"default\",\"column_breakpoint\":\"m\",\"content\":\"\n\n<h4 style=\\\"text-align: center;\\\">Kombipaket Babybauch + Newborn + 6 Monate + 12 Monate<\\\/h4>\\n\n\n<h5 style=\\\"text-align: center;\\\"><\\\/h5>\\n\n\n<h5 style=\\\"text-align: center;\\\">4 Shoots, jeweils 60 Min<\\\/h5>\\n\n\n<h5 style=\\\"text-align: center;\\\">inkl. jeweils 50+ Dateien (insgesamt 200+)<\\\/h5>\\n\n\n<h5 style=\\\"text-align: center;\\\">inkl. 1x Fotobuch mit Leinencover (28x28cm, 32 Seiten)<\\\/h5>\\n\n\n<p><\\\/p>\\n\n\n<h4 style=\\\"text-align: center;\\\"><strong>1200 \\u20ac* (regul\\u00e4r 1500\\u20ac)<\\\/strong><\\\/h4>\\n\n\n<p style=\\\"text-align: center;\\\">*inkl. 25% Ver\\u00f6ffentlichungsnachlass<\\\/p>\"}}]}]}]},{\"type\":\"section\",\"props\":{\"style\":\"default\",\"width\":\"default\",\"vertical_align\":\"middle\",\"title_position\":\"top-left\",\"title_rotation\":\"left\",\"title_breakpoint\":\"xl\",\"image_position\":\"center-center\"},\"children\":[{\"type\":\"row\",\"children\":[{\"type\":\"column\",\"props\":{\"image_position\":\"center-center\",\"media_overlay_gradient\":\"\"},\"children\":[{\"type\":\"divider\",\"props\":{\"divider_element\":\"hr\"}}]}]}]},{\"type\":\"section\",\"props\":{\"style\":\"default\",\"width\":\"default\",\"vertical_align\":\"middle\",\"title_position\":\"top-left\",\"title_rotation\":\"left\",\"title_breakpoint\":\"xl\",\"image_position\":\"center-center\"},\"children\":[{\"type\":\"row\",\"children\":[{\"type\":\"column\",\"props\":{\"image_position\":\"center-center\",\"media_overlay_gradient\":\"\"},\"children\":[{\"type\":\"image\",\"props\":{\"margin\":\"default\",\"image_svg_color\":\"emphasis\",\"image\":\"wp-content\\\/uploads\\\/2025\\\/05\\\/kalender_headline-scaled.jpg\",\"text_align\":\"center\",\"image_width\":\"1000\"}},{\"type\":\"text\",\"props\":{\"margin\":\"default\",\"column_breakpoint\":\"m\",\"content\":\"\n\n<h5 style=\\\"text-align: center;\\\">Die Magie der vier Jahreszeiten, eingefangen in vier Shoots, verewigt in einem Kalender<\\\/h5>\\n\n\n<h5 style=\\\"text-align: center;\\\">- perfekt zum Verscheken oder selbst Behalten!<\\\/h5>\"}},{\"type\":\"image\",\"props\":{\"margin\":\"default\",\"image_svg_color\":\"emphasis\",\"image\":\"wp-content\\\/uploads\\\/2025\\\/05\\\/kalender_collage.jpg\",\"text_align\":\"center\"}},{\"type\":\"text\",\"props\":{\"margin\":\"default\",\"column_breakpoint\":\"m\",\"content\":\"\n\n<h4 style=\\\"text-align: center;\\\">4 Mini Shoots, jeweils 20 Min<\\\/h4>\\n\n\n<h5 style=\\\"text-align: center;\\\">inkl. jeweils 15 Dateien (insgesamt 60)<\\\/h5>\\n\n\n<h5 style=\\\"text-align: center;\\\">inkl. 1x Wandkalender mit Kalendarium im A4-Format (20x30cm)<\\\/h5>\\n\n\n<h5 style=\\\"text-align: center;\\\">weitere Dateien f\\u00fcr je 10\\u20ac\\\/Bild nachbuchbar<\\\/h5>\\n\n\n<h5 style=\\\"text-align: center;\\\">weitere Kalender nachbuchbar<\\\/h5>\\n\n\n<p><\\\/p>\\n\n\n<h4 style=\\\"text-align: center;\\\"><strong>600 \\u20ac* (regul\\u00e4r 800\\u20ac)<\\\/strong><\\\/h4>\\n\n\n<p style=\\\"text-align: center;\\\">*inkl. 25% Ver\\u00f6ffentlichungsnachlass<\\\/p>\"}}]}]}]},{\"type\":\"section\",\"props\":{\"style\":\"default\",\"width\":\"default\",\"vertical_align\":\"middle\",\"title_position\":\"top-left\",\"title_rotation\":\"left\",\"title_breakpoint\":\"xl\",\"image_position\":\"center-center\"},\"children\":[{\"type\":\"row\",\"children\":[{\"type\":\"column\",\"props\":{\"image_position\":\"center-center\",\"media_overlay_gradient\":\"\"},\"children\":[]}]}]},{\"type\":\"section\",\"props\":{\"style\":\"default\",\"width\":\"default\",\"vertical_align\":\"middle\",\"title_position\":\"top-left\",\"title_rotation\":\"left\",\"title_breakpoint\":\"xl\",\"image_position\":\"center-center\"},\"children\":[{\"type\":\"row\",\"children\":[{\"type\":\"column\",\"props\":{\"image_position\":\"center-center\",\"media_overlay_gradient\":\"\"},\"children\":[{\"type\":\"divider\",\"props\":{\"divider_element\":\"hr\"}}]}]}]},{\"type\":\"section\",\"props\":{\"style\":\"default\",\"width\":\"default\",\"vertical_align\":\"middle\",\"title_position\":\"top-left\",\"title_rotation\":\"left\",\"title_breakpoint\":\"xl\",\"image_position\":\"center-center\"},\"children\":[{\"type\":\"row\",\"props\":{\"layout\":\"1-2,1-2\"},\"children\":[{\"type\":\"column\",\"props\":{\"image_position\":\"center-center\",\"media_overlay_gradient\":\"\",\"width_medium\":\"1-2\"},\"children\":[{\"type\":\"image\",\"props\":{\"margin\":\"default\",\"image_svg_color\":\"emphasis\",\"image\":\"wp-content\\\/uploads\\\/2021\\\/12\\\/gutscheine2020_novqu-scaled.jpg\",\"image_width\":\"500\",\"image_height\":\"500\",\"image_box_decoration\":\"default\"}}]},{\"type\":\"column\",\"props\":{\"image_position\":\"center-center\",\"media_overlay_gradient\":\"\",\"width_medium\":\"1-2\"},\"children\":[{\"type\":\"headline\",\"props\":{\"title_element\":\"h1\",\"content\":\"\n\n<h4 style=\\\"text-align: center;\\\">GUTSCHEIN<\\\/h4>\",\"title_style\":\"h3\",\"text_align\":\"center\"}},{\"type\":\"text\",\"props\":{\"margin\":\"default\",\"column_breakpoint\":\"m\",\"content\":\"\n\n<h5 style=\\\"text-align: center;\\\">Verschenke wertvolle Erinnerungen an gemeinsame Momente!<\\\/h5>\\n\n\n<h5>Dabei kannst du zwischen einem Wertgutschein oder einem meiner Pakete (siehe Preiskatalog) w\\u00e4hlen.<\\\/h5>\\n\n\n<h4 style=\\\"text-align: center;\\\"><strong>AB 50,- \\u20ac*<\\\/strong><\\\/h4>\\n\n\n<p style=\\\"text-align: center;\\\">(*Wertgutschein; keine Barauszahlung m\\u00f6glich)<\\\/p>\",\"text_align\":\"center\",\"dropcap\":false}}]}]}]},{\"type\":\"section\",\"props\":{\"style\":\"default\",\"width\":\"default\",\"vertical_align\":\"middle\",\"title_position\":\"top-left\",\"title_rotation\":\"left\",\"title_breakpoint\":\"xl\",\"image_position\":\"center-center\"},\"children\":[{\"type\":\"row\",\"props\":{\"layout\":\"1-2,1-2\"},\"children\":[{\"type\":\"column\",\"props\":{\"image_position\":\"center-center\",\"media_overlay_gradient\":\"\",\"width_medium\":\"1-2\"},\"children\":[{\"type\":\"headline\",\"props\":{\"title_element\":\"h1\",\"content\":\"\n\n<h4 style=\\\"text-align: center;\\\">WEDDING<\\\/h4>\",\"title_style\":\"h3\",\"text_align\":\"center\"}},{\"type\":\"text\",\"props\":{\"margin\":\"default\",\"column_breakpoint\":\"m\",\"content\":\"\n\n<h5 style=\\\"text-align: center;\\\">An eurer Hochzeit begleite ich euch f\\u00fcr <strong>6,8,10 oder 12 Stunden<\\\/strong> - bei kleinen standesamtlichen Trauungen auch k\\u00fcrzer.<\\\/h5>\\n\n\n<h4 style=\\\"text-align: center;\\\"><strong>Ab 1500,- \\u20ac* (6 Std.)<br \\\/><\\\/strong><\\\/h4>\\n\n\n<p style=\\\"text-align: center;\\\">(*inkl. 25% Ver\\u00f6ffentlichungsnachlass)<\\\/p>\\n\n\n<h5 style=\\\"text-align: center;\\\">Schreibt mir dazu gerne \\u00fcber das Kontaktformular und erz\\u00e4hlt mir mehr von euch und euren Pl\\u00e4nen!<\\\/h5>\"}},{\"type\":\"button\",\"props\":{\"grid_column_gap\":\"small\",\"grid_row_gap\":\"small\",\"margin\":\"default\",\"text_align\":\"center\"},\"children\":[{\"type\":\"button_item\",\"props\":{\"button_style\":\"default\",\"icon_align\":\"left\",\"content\":\"Mehr Infos Auf Anfrage\",\"link_title\":\"\",\"link\":\"index.php?page_id=19\"}}]}]},{\"type\":\"column\",\"props\":{\"image_position\":\"center-center\",\"media_overlay_gradient\":\"\",\"width_medium\":\"1-2\"},\"children\":[{\"type\":\"image\",\"props\":{\"margin\":\"default\",\"image_svg_color\":\"emphasis\",\"image\":\"wp-content\\\/uploads\\\/2023\\\/10\\\/SofieDamian_Wedding07Juli23_MiriamPeuserPhotography-286-scaled.jpg\",\"image_width\":\"500\",\"image_height\":\"500\",\"image_box_decoration\":\"default\"}}]}]}]},{\"type\":\"section\",\"props\":{\"style\":\"default\",\"width\":\"default\",\"vertical_align\":\"middle\",\"title_position\":\"top-left\",\"title_rotation\":\"left\",\"title_breakpoint\":\"xl\",\"image_position\":\"center-center\"},\"children\":[{\"type\":\"row\",\"children\":[{\"type\":\"column\",\"props\":{\"image_position\":\"center-center\",\"media_overlay_gradient\":\"\"},\"children\":[{\"type\":\"divider\",\"props\":{\"divider_element\":\"hr\"}}]}]}]},{\"type\":\"section\",\"props\":{\"style\":\"default\",\"width\":\"default\",\"vertical_align\":\"middle\",\"title_position\":\"top-left\",\"title_rotation\":\"left\",\"title_breakpoint\":\"xl\",\"image_position\":\"center-center\",\"status\":\"disabled\"},\"children\":[{\"type\":\"row\",\"children\":[{\"type\":\"column\",\"props\":{\"image_position\":\"center-center\",\"media_overlay_gradient\":\"\"},\"children\":[{\"type\":\"text\",\"props\":{\"margin\":\"small\",\"column_breakpoint\":\"m\",\"content\":\"\n\n<h5>Lade dir hier den aktuellen Preiskatalog f\\u00fcr meine Shoot-Pakete herunter.<\\\/h5>\",\"text_align\":\"center\"}},{\"type\":\"button\",\"props\":{\"grid_column_gap\":\"small\",\"grid_row_gap\":\"small\",\"margin\":\"default\",\"text_align\":\"center\"},\"children\":[{\"type\":\"button_item\",\"props\":{\"button_style\":\"default\",\"icon_align\":\"left\",\"content\":\"Download Preiskatalog\",\"link\":\"wp-content\\\/uploads\\\/2025\\\/01\\\/preiskatalog_2025_1_MP.pdf\"}},{\"type\":\"button_item\",\"props\":{\"link_title\":\"preiskatalog_2025_1_MP\",\"link\":\"wp-content\\\/uploads\\\/2025\\\/01\\\/preiskatalog_2025_1_MP.pdf\",\"button_style\":\"default\",\"icon_align\":\"left\"}}]}]}]}]}],\"version\":\"2.4.14\"} --><\/p>\n","protected":false},"excerpt":{"rendered":"<p>Preise Ich freue mich sehr, dass du dich f\u00fcr meine Arbeit interessierst und gemeinsam mit mir wertvolle Erinnerungen kreieren m\u00f6chtest. Ein Fotoshoot ist n\u00e4mlich nicht nur ein Luxus, den du dir g\u00f6nnen kannst, sondern auch eine Investition in die Zukunft. Ich m\u00f6chte mit meinen Bildern Menschen gl\u00fccklich machen, sodass sie noch lange Zeit sp\u00e4ter zur\u00fcckschauen [&hellip;]<\/p>\n","protected":false},"author":1,"featured_media":0,"parent":0,"menu_order":9,"comment_status":"open","ping_status":"closed","template":"","meta":[],"_links":{"self":[{"href":"https:\/\/www.miriampeuserphotography.de\/en\/wp-json\/wp\/v2\/pages\/8"}],"collection":[{"href":"https:\/\/www.miriampeuserphotography.de\/en\/wp-json\/wp\/v2\/pages"}],"about":[{"href":"https:\/\/www.miriampeuserphotography.de\/en\/wp-json\/wp\/v2\/types\/page"}],"author":[{"embeddable":true,"href":"https:\/\/www.miriampeuserphotography.de\/en\/wp-json\/wp\/v2\/users\/1"}],"replies":[{"embeddable":true,"href":"https:\/\/www.miriampeuserphotography.de\/en\/wp-json\/wp\/v2\/comments?post=8"}],"version-history":[{"count":179,"href":"https:\/\/www.miriampeuserphotography.de\/en\/wp-json\/wp\/v2\/pages\/8\/revisions"}],"predecessor-version":[{"id":9694,"href":"https:\/\/www.miriampeuserphotography.de\/en\/wp-json\/wp\/v2\/pages\/8\/revisions\/9694"}],"wp:attachment":[{"href":"https:\/\/www.miriampeuserphotography.de\/en\/wp-json\/wp\/v2\/media?parent=8"}],"curies":[{"name":"wp","href":"https:\/\/api.w.org\/{rel}","templated":true}]}}