{"id":2104,"date":"2021-03-25T13:32:42","date_gmt":"2021-03-25T13:32:42","guid":{"rendered":"http:\/\/www.miriampeuserphotography.de\/?page_id=2104"},"modified":"2025-02-10T07:51:19","modified_gmt":"2025-02-10T07:51:19","slug":"impressum","status":"publish","type":"page","link":"https:\/\/www.miriampeuserphotography.de\/en\/impressum\/","title":{"rendered":"Impressum"},"content":{"rendered":"<h1>Impressum<\/h1>\n<p><img src=\"\/wp-content\/uploads\/2025\/02\/olivebranch.jpg\" alt=\"\"><\/p>\n<div>\n<p>Inhaber: David Peuser<\/p>\n<p>Alte Rheinstr. 8<br \/>35759 Driedorf-Madem\u00fchlen<\/p>\n<p>Kontakt: miriampeuser@web.de<\/p>\n<p>Mitglied der Handwerkskammer Wiesbaden<\/p>\n<p>Steuernummer: 009 856 01950<\/p>\n<p><b>Sonstiges<\/b><br \/>Vertretungsberechtigt: David Peuser<br \/>F\u00fcr den Inhalt verantwortliche Person: Miriam Peuser<\/p>\n<p><b>Haftung f\u00fcr Inhalte<\/b><br \/>Die Inhalte meiner Seiten wurden mit gr\u00f6\u00dfter Sorgfalt erstellt. F\u00fcr die Richtigkeit, Vollst\u00e4ndigkeit und Aktualit\u00e4t der Inhalte kann ich jedoch keine Gew\u00e4hr \u00fcbernehmen. Bei Bekanntwerden von Rechtsverletzungen werde ich diese Inhalte umgehend entfernen.<\/p>\n<p><b>Haftung f\u00fcr externe Links<\/b><br \/>Meine Seite enth\u00e4lt Links zu externen Webseiten Dritter, auf deren Inhalte ich keinen Einfluss habe. Deshalb kann ich f\u00fcr diese fremden Inhalte auch keine Gew\u00e4hr \u00fcbernehmen. F\u00fcr die Inhalte der verlinkten Seiten ist stets der jeweilige Anbieter oder Betreiber der Seiten verantwortlich. Die verlinkten Seiten wurden zum Zeitpunkt der Verlinkung auf m\u00f6gliche Rechtsverst\u00f6\u00dfe \u00fcberpr\u00fcft. Rechtswidrige Inhalte waren zum Zeitpunkt der Verlinkung nicht erkennbar. Eine permanente inhaltliche Kontrolle der verlinkten Seiten ist jedoch ohne konkrete Anhaltspunkte einer Rechtsverletzung nicht zumutbar. Bei Bekanntwerden von Rechtsverletzungen werde ich derartige Links umgehend entfernen.<\/p>\n<p><b>Urheberrecht<\/b><br \/>Die durch die Seitenbetreiber erstellten Inhalte und Werke auf diesen Seiten unterliegen dem deutschen Urheberrecht. Die Vervielf\u00e4ltigung, Bearbeitung, Verbreitung und jede Art der Verwertung au\u00dferhalb der Grenzen des Urheberrechtes bed\u00fcrfen der schriftlichen Zustimmung des jeweiligen Autors bzw. Erstellers. Downloads und Kopien dieser Seite sind nur f\u00fcr den privaten, nicht kommerziellen Gebrauch gestattet. Soweit die Inhalte auf dieser Seite nicht vom Betreiber erstellt wurden, werden die Urheberrechte Dritter beachtet. Insbesondere werden Inhalte Dritter als solche gekennzeichnet. Sollten Sie trotzdem auf eine Urheberrechtsverletzung aufmerksam werden, bitten wir um einen entsprechenden Hinweis. Bei Bekanntwerden von Rechtsverletzungen werden wir derartige Inhalte umgehend entfernen.<\/p>\n<\/div>\n<p><!--more--><br \/>\n<!-- {\"type\":\"layout\",\"children\":[{\"type\":\"section\",\"props\":{\"style\":\"default\",\"width\":\"default\",\"vertical_align\":\"middle\",\"title_position\":\"top-left\",\"title_rotation\":\"left\",\"title_breakpoint\":\"xl\",\"image_position\":\"center-center\"},\"children\":[{\"type\":\"row\",\"children\":[{\"type\":\"column\",\"props\":{\"image_position\":\"center-center\",\"media_overlay_gradient\":\"\"},\"children\":[{\"type\":\"headline\",\"props\":{\"title_element\":\"h1\",\"content\":\"Impressum\",\"title_decoration\":\"line\",\"text_align\":\"center\"}},{\"type\":\"image\",\"props\":{\"margin\":\"default\",\"image_svg_color\":\"emphasis\",\"image\":\"wp-content\\\/uploads\\\/2025\\\/02\\\/olivebranch.jpg\",\"image_width\":\"200\",\"text_align\":\"center\"}}]}]}]},{\"type\":\"section\",\"props\":{\"style\":\"default\",\"width\":\"default\",\"vertical_align\":\"middle\",\"title_position\":\"top-left\",\"title_rotation\":\"left\",\"title_breakpoint\":\"xl\",\"image_position\":\"center-center\"},\"children\":[{\"type\":\"row\",\"children\":[{\"type\":\"column\",\"props\":{\"image_position\":\"center-center\",\"media_overlay_gradient\":\"\"},\"children\":[{\"type\":\"text\",\"props\":{\"margin\":\"default\",\"column_breakpoint\":\"m\",\"content\":\"\n\n<p>Inhaber: David Peuser<\\\/p>\\n\n\n<p>Alte Rheinstr. 8<br \\\/>35759 Driedorf-Madem\\u00fchlen<\\\/p>\\n\n\n<p>Kontakt: miriampeuser@web.de<\\\/p>\\n\n\n<p>Mitglied der Handwerkskammer Wiesbaden<\\\/p>\\n\n\n<p>Steuernummer: 009 856 01950<\\\/p>\\n\n\n<p><b>Sonstiges<\\\/b><br \\\/>Vertretungsberechtigt: David Peuser<br \\\/>F\\u00fcr den Inhalt verantwortliche Person: Miriam Peuser<\\\/p>\\n\n\n<p><b>Haftung f\\u00fcr Inhalte<\\\/b><br \\\/>Die Inhalte meiner Seiten wurden mit gr\\u00f6\\u00dfter Sorgfalt erstellt. F\\u00fcr die Richtigkeit, Vollst\\u00e4ndigkeit und Aktualit\\u00e4t der Inhalte kann ich jedoch keine Gew\\u00e4hr \\u00fcbernehmen. Bei Bekanntwerden von Rechtsverletzungen werde ich diese Inhalte umgehend entfernen.<\\\/p>\\n\n\n<p><b>Haftung f\\u00fcr externe Links<\\\/b><br \\\/>Meine Seite enth\\u00e4lt Links zu externen Webseiten Dritter, auf deren Inhalte ich keinen Einfluss habe. Deshalb kann ich f\\u00fcr diese fremden Inhalte auch keine Gew\\u00e4hr \\u00fcbernehmen. F\\u00fcr die Inhalte der verlinkten Seiten ist stets der jeweilige Anbieter oder Betreiber der Seiten verantwortlich. Die verlinkten Seiten wurden zum Zeitpunkt der Verlinkung auf m\\u00f6gliche Rechtsverst\\u00f6\\u00dfe \\u00fcberpr\\u00fcft. Rechtswidrige Inhalte waren zum Zeitpunkt der Verlinkung nicht erkennbar. Eine permanente inhaltliche Kontrolle der verlinkten Seiten ist jedoch ohne konkrete Anhaltspunkte einer Rechtsverletzung nicht zumutbar. Bei Bekanntwerden von Rechtsverletzungen werde ich derartige Links umgehend entfernen.<\\\/p>\\n\n\n<p><b>Urheberrecht<\\\/b><br \\\/>Die durch die Seitenbetreiber erstellten Inhalte und Werke auf diesen Seiten unterliegen dem deutschen Urheberrecht. Die Vervielf\\u00e4ltigung, Bearbeitung, Verbreitung und jede Art der Verwertung au\\u00dferhalb der Grenzen des Urheberrechtes bed\\u00fcrfen der schriftlichen Zustimmung des jeweiligen Autors bzw. Erstellers. Downloads und Kopien dieser Seite sind nur f\\u00fcr den privaten, nicht kommerziellen Gebrauch gestattet. Soweit die Inhalte auf dieser Seite nicht vom Betreiber erstellt wurden, werden die Urheberrechte Dritter beachtet. Insbesondere werden Inhalte Dritter als solche gekennzeichnet. Sollten Sie trotzdem auf eine Urheberrechtsverletzung aufmerksam werden, bitten wir um einen entsprechenden Hinweis. Bei Bekanntwerden von Rechtsverletzungen werden wir derartige Inhalte umgehend entfernen.<\\\/p>\"}}]}]}]}],\"version\":\"2.4.14\"} --><\/p>\n","protected":false},"excerpt":{"rendered":"<p>Impressum Inhaber: David Peuser Alte Rheinstr. 835759 Driedorf-Madem\u00fchlen Kontakt: miriampeuser@web.de Mitglied der Handwerkskammer Wiesbaden Steuernummer: 009 856 01950 SonstigesVertretungsberechtigt: David PeuserF\u00fcr den Inhalt verantwortliche Person: Miriam Peuser Haftung f\u00fcr InhalteDie Inhalte meiner Seiten wurden mit gr\u00f6\u00dfter Sorgfalt erstellt. F\u00fcr die Richtigkeit, Vollst\u00e4ndigkeit und Aktualit\u00e4t der Inhalte kann ich jedoch keine Gew\u00e4hr \u00fcbernehmen. Bei Bekanntwerden von [&hellip;]<\/p>\n","protected":false},"author":2,"featured_media":0,"parent":0,"menu_order":0,"comment_status":"closed","ping_status":"closed","template":"","meta":[],"_links":{"self":[{"href":"https:\/\/www.miriampeuserphotography.de\/en\/wp-json\/wp\/v2\/pages\/2104"}],"collection":[{"href":"https:\/\/www.miriampeuserphotography.de\/en\/wp-json\/wp\/v2\/pages"}],"about":[{"href":"https:\/\/www.miriampeuserphotography.de\/en\/wp-json\/wp\/v2\/types\/page"}],"author":[{"embeddable":true,"href":"https:\/\/www.miriampeuserphotography.de\/en\/wp-json\/wp\/v2\/users\/2"}],"replies":[{"embeddable":true,"href":"https:\/\/www.miriampeuserphotography.de\/en\/wp-json\/wp\/v2\/comments?post=2104"}],"version-history":[{"count":5,"href":"https:\/\/www.miriampeuserphotography.de\/en\/wp-json\/wp\/v2\/pages\/2104\/revisions"}],"predecessor-version":[{"id":9033,"href":"https:\/\/www.miriampeuserphotography.de\/en\/wp-json\/wp\/v2\/pages\/2104\/revisions\/9033"}],"wp:attachment":[{"href":"https:\/\/www.miriampeuserphotography.de\/en\/wp-json\/wp\/v2\/media?parent=2104"}],"curies":[{"name":"wp","href":"https:\/\/api.w.org\/{rel}","templated":true}]}}