{"id":20,"date":"2019-09-04T14:27:50","date_gmt":"2019-09-04T14:27:50","guid":{"rendered":"http:\/\/miriampeuserphotography.de\/mimi\/?p=20"},"modified":"2025-02-10T07:49:33","modified_gmt":"2025-02-10T07:49:33","slug":"weddingfaq","status":"publish","type":"page","link":"https:\/\/www.miriampeuserphotography.de\/en\/weddingfaq\/","title":{"rendered":"Wedding FAQ"},"content":{"rendered":"<h1>Wedding &#8211; Frequently Asked Questions<\/h1>\n<p><img src=\"\/wp-content\/uploads\/2025\/02\/olivebranch.jpg\" alt=\"\"><\/p>\n<h2>Popular Questions<\/h2>\n<p><img src=\"\/wp-content\/uploads\/2021\/03\/cherry_22April20-01-scaled.jpg\" alt=\"\"><\/p>\n<ul>\n<li>\n<h3>Wie lange im Voraus sollten wir unsere Hochzeitsfotografin buchen?<\/h3>\n<div>\n<p>Ihr solltet euch am besten\u00a0<strong>so fr\u00fch wie m\u00f6glich<\/strong>\u00a0um die Buchung eurer Hochzeitsfotografin k\u00fcmmern! Die Hochzeitsfotografie sollte neben den Basics (Termin, Ort der Trauung, Location f\u00fcr Feier) an oberster Stelle eurer To-Do-Liste stehen, da ansonsten euer\u00a0<strong>Wunschtermin<\/strong>\u00a0vielleicht schon vergeben ist. Besonders wenn ihr in der\u00a0<strong>Hauptsaison<\/strong>\u00a0(d.h. April bis September) heiratet, kommt dies sehr h\u00e4ufig vor. <strong>Ihr k\u00f6nnt mich gerne kontaktieren, sobald euer Termin steht.<\/strong><\/p>\n<\/div>\n<\/li>\n<li>\n<h3>Fotografierst du auch au\u00dferhalb des Lahn-Dill-Kreises?<\/h3>\n<div>\n<p>Selbstverst\u00e4ndlich! Ich reise sehr gerne und stehe euch\u00a0<strong>bundesweit<\/strong>\u00a0bzw.\u00a0<strong>international<\/strong> f\u00fcr Hochzeitsreportagen zur Verf\u00fcgung.<\/p>\n<\/div>\n<\/li>\n<li>\n<h3>W\u00fcrdest du uns auch im Ausland begleiten?<\/h3>\n<div>\n<p><strong>Nichts lieber als das!<\/strong> Ich reise sehr gerne und begleite euch gerne zu eurer \u201eDestination Wedding.\u201c Dabei berechne ich Reisekosten wie Fahrt bzw. Fl\u00fcge und \u00dcbernachtungen. Gerne k\u00f6nnen wir einen Pauschalpreis ausmachen.<\/p>\n<\/div>\n<\/li>\n<\/ul>\n<hr>\n<h2>Kennenlernen<\/h2>\n<p><img src=\"\/wp-content\/uploads\/2021\/03\/SarahPhilipp_engagement-2-scaled.jpg\" alt=\"\"><\/p>\n<ul>\n<li>\n<h3>K\u00f6nnen wir dich pers\u00f6nlich kennenlernen?<\/h3>\n<div>\n<p>Unbedingt! Bevor eine feste Buchung zustande kommen kann, treffe ich mich immer erst mit meinen Brautpaaren &#8211; entweder pers\u00f6nlich oder auch mit video call.<\/p>\n<p>Das hei\u00dft: <strong>Keine Hochzeitsreportage ohne pers\u00f6nliches Kennenlernen<\/strong>. Warum? Weil ohne ein vertrautes Verh\u00e4ltnis keine guten Hochzeitsfotos entstehen k\u00f6nnen. Bei einem ersten Treffen zwischen Brautpaar und Fotografin kann man\u00a0<strong>sich gegenseitig kennenlernen, sich beschnuppern und schauen, ob die Chemie \u00fcberhaupt stimmt. Ich bin daran interessiert, euch als Personen kennenzulernen, nicht nur als Kunden.<\/strong><\/p>\n<\/div>\n<\/li>\n<li>\n<h3>Wie l\u00e4uft ein Kennenlerntreffen ab?<\/h3>\n<div>\n<p>\u00a0Als\u00a0<strong>Ort<\/strong>\u00a0f\u00fcr ein Treffen w\u00e4hle ich gerne ein gem\u00fctliches\u00a0<strong>Caf\u00e9 oder mein Wohnzimmer<\/strong>. Wenn ein pers\u00f6nliches Treffen aufgrund weiterer Distanz zueinander nicht m\u00f6glich scheint, kann man sich nat\u00fcrlich auch per <strong>video call<\/strong> kennenlernen.<\/p>\n<p>Neben dem Kennenlernen auf pers\u00f6nlicher Ebene nutze ich ein solches Treffen nat\u00fcrlich auch, um <strong>gemeinsame Konzepte zu entwickeln und euch bei der Planung zu helfen<\/strong>. Wir besprechen eure Ideen und schauen, wie wir sie am besten umsetzen k\u00f6nnen.<\/p>\n<p>Mein <strong>Wedding Guide<\/strong>, den ihr bei einer Buchung auch geschenkt bekommt,\u00a0 ist auch immer mit dabei, damit wir alles im Blick haben, was den <strong>Ablauf<\/strong>\u00a0des gro\u00dfen Tages und die Details betrifft.<\/p>\n<p>Hier k\u00f6nnen\u00a0<strong>Fragen beider Seiten<\/strong>\u00a0gekl\u00e4rt werden und ich sage noch mal, was mir besonders wichtig ist.<\/p>\n<\/div>\n<\/li>\n<\/ul>\n<hr>\n<h2>Planung und Ablauf<\/h2>\n<p><img src=\"\/wp-content\/uploads\/2021\/03\/FrancesPatrik_Wedding_MiriamPeuserPhotography-97-1-scaled.jpg\" alt=\"\"><\/p>\n<ul>\n<li>\n<h3>Kannst du uns bei der Hochzeitsplanung helfen?<\/h3>\n<div>\n<p>Sehr gerne! Ich habe im Laufe meiner Arbeit schon viel Erfahrung sammeln d\u00fcrfen und kann euch tolle <a href=\"http:\/\/miriampeuserphotography.de\/neu\/?page_id=4\"><strong>Dienstleister<\/strong><\/a> empfehlen. Au\u00dferdem k\u00f6nnt ihr meine <a href=\"https:\/\/www.pinterest.de\/miriampeuserphotography\/\"><strong>Pinterest-Seite<\/strong> <\/a>besuchen und euch dort Inspiration zu verschiedenen Hochzeitselementen wie Deko, Torte und Outfit holen.<\/p>\n<\/div>\n<\/li>\n<li>\n<h3>Bietest du eine Fotobox an?<\/h3>\n<div>\n<p><strong>Nein, eine Fotobox biete ich nicht an<\/strong>, ich kann euch aber gerne bei der Suche eines geeigneten Dienstleisters in diesem Bereich behilflich sein.<\/p>\n<\/div>\n<\/li>\n<li>\n<h3>Wie geht es nach der Buchung weiter?<\/h3>\n<div>\n<p>Nach dem Kennenlernen und Austauschen erfolgt die <strong>Terminreservierung<\/strong>. Hier zahlt ihr <strong>25%<\/strong> eures gebuchten Paketes bereits vor der Hochzeit.\u00a0<\/p>\n<p>Des Weiteren wird alles Wichtige in einem <strong>Vertrag<\/strong> festgehalten, den ich euch als PDF zukommen lasse.<\/p>\n<p>Sobald die Terminreservierungsgeb\u00fchr und der von euch unterzeichnete Vertrag bei mir eingegangen sind, ist der Termin auf beiden Seiten offiziell gebucht.<\/p>\n<p>Dann bekommt ihr meinen <strong>Wedding Guide<\/strong>\u00a0 zugesendet, in dem ihr auf \u00fcber 50 Seiten einerseits verschiedene Links, die euch als Inspirationsquelle f\u00fcr die verschiedenen Bereiche eurer Hochzeit dienen k\u00f6nnen und andererseits viele <strong>Tipps und Tricks<\/strong> zur Planung eures gro\u00dfen Tages und f\u00fcr gelungene Bilder findet.<\/p>\n<p>\u00a0<\/p>\n<\/div>\n<\/li>\n<li>\n<h3>Wie arbeitest du w\u00e4hrend einer Hochzeit?<\/h3>\n<div>\n<p>Ich arbeite in der Regel <strong>alleine<\/strong>. W\u00e4hrend der Trauung verhalte ich mich\u00a0<strong>leise<\/strong>\u00a0und fotografiere\u00a0<strong>ohne Blitz.<\/strong>\u00a0Ich arbeite mit\u00a0<strong>zwei Kameras mit jeweils zwei Speicherkarten<\/strong>, sodass ich durch verschiedene Objekte flexibler bin und auf Nummer Sicher gehen kann, was die Datensicherung angeht. Bei den Portraits bevorzuge ich eine<strong>\u00a0ruhige Atmosph\u00e4re<\/strong>, sodass ihr euch entspannen k\u00f6nnt und nat\u00fcrliche Momente der Zweisamkeit (\u00fcbrigens sehr wertvoll an einem solch aufregenden und vollgepackten Tag!) entstehen. Ich nehme mir Zeit f\u00fcr euch und mische mich so wenig wie m\u00f6glich ein. Auf der Hochzeitsfeier versuche ich immer, interessante <strong>Impressionen<\/strong>\u00a0des Brautpaares und der G\u00e4ste einzufangen, ebenso\u00a0<strong>Deko<\/strong>\u00a0und\u00a0<strong>Location<\/strong> &#8211; hierbei mische ich mich dann auch gerne &#8222;unter&#8217;s Volk&#8220; und nehme mit viel Spa\u00df an eurer Hochzeitsfeier teil! <strong>Abends kommt dann auch der Blitz zum Einsatz.<\/strong><\/p>\n<\/div>\n<\/li>\n<li>\n<h3>(Wie) Berechnest du Pausen und Fahrtzeiten w\u00e4hrend der Reportage?<\/h3>\n<div>\n<p>In der Regel entstehen keine (gr\u00f6\u00dferen) Pausen w\u00e4hrend einer Hochzeitsreportage f\u00fcr mich. <strong>Meine gebuchte Zeit beginnt ab Ankunft bei euch und endet mit meiner Abreise<\/strong>, d.h. alles zwischendurch ist in der Reportage mit inbegriffen, auch eventuelle Fahrtzeiten.<\/p>\n<p><strong>W\u00e4hrend des Abendessens fotografiere ich i.d.R. nicht<\/strong> und mache selbst kurz Pause, um danach wieder voll f\u00fcr euch durchstarten zu k\u00f6nnen.<\/p>\n<\/div>\n<\/li>\n<li>\n<h3>Wie l\u00e4uft das mit der Bezahlung?<\/h3>\n<div>\n<p>F\u00fcr Hochzeitsreportagen gibt es eine\u00a0<strong>Terminreservierungsgeb\u00fchr von 25%<\/strong>, alles Weitere (Rest des Pakets, Fahrtkosten usw.) wird im Anschluss an die Hochzeit <strong>\u00fcberwiesen<\/strong>, hier schreibe ich euch jeweils eine <strong>Rechnung<\/strong>.<\/p>\n<p>An eurem gro\u00dfen Tag m\u00fcsst und solltet ihr euch keine Gedanken um&#8217;s Finanzielle machen.<\/p>\n<\/div>\n<\/li>\n<li>\n<h3>Wie bekommen wir die Bilder?<\/h3>\n<div>\n<p>Nach der Hochzeit sehe ich zun\u00e4chst alle Bilder durch und sortiere die nicht gelungenen oder doppelten aus. Je nach gebuchtem Paket wird dann die Anzahl Bilder bearbeitet, die das Brautpaar sich w\u00fcnscht.<\/p>\n<p>Diese gibt es <strong>hochaufl\u00f6send, ohne Wasserzeichen <\/strong>und liebevoll\u00a0 in einer schicken <strong>Holzbox<\/strong> auf einem Leder-<strong>USB-Stick<\/strong>. Die Bearbeitungszeit h\u00e4ngt immer davon ab, wie viele Bilder gebucht werden und wie ich z.B. in der Hochsaison Zeit finde, aber ich bem\u00fche mich stets, die Bilder relativ z\u00fcgig innerhalb weniger Wochen zu bearbeiten.<\/p>\n<p>In der Regel schicke ich euch aber mit der Rechnung des Rest-Betrages schon ein paar fertige Bilder zu, sodass ihr und eure Lieben euch bereits kurz nach der Hochzeit daran erfreuen k\u00f6nnen.<\/p>\n<\/div>\n<\/li>\n<\/ul>\n<h2>Noch Fragen?<\/h2>\n<p>\n    <a href=\"\/index.php?page_id=19\">Let&#8217;s get in touch<\/a>\n<\/p>\n<p><!--more--><br \/>\n<!-- {\"name\":\"FAQ\",\"type\":\"layout\",\"children\":[{\"type\":\"section\",\"props\":{\"style\":\"default\",\"width\":\"default\",\"vertical_align\":\"middle\",\"title_position\":\"top-left\",\"title_rotation\":\"left\",\"title_breakpoint\":\"xl\",\"image_position\":\"center-center\",\"padding\":\"large\",\"padding_remove_bottom\":true},\"children\":[{\"type\":\"row\",\"props\":{\"margin\":\"xlarge\"},\"children\":[{\"type\":\"column\",\"props\":{\"image_position\":\"center-center\",\"media_overlay_gradient\":\"\",\"width_medium\":\"1-1\"},\"children\":[{\"type\":\"headline\",\"props\":{\"title_element\":\"h1\",\"title_style\":\"h2\",\"text_align\":\"center\",\"content\":\"Wedding - Frequently Asked Questions\",\"title_decoration\":\"line\"}},{\"type\":\"image\",\"props\":{\"margin\":\"default\",\"image_svg_color\":\"emphasis\",\"image\":\"wp-content\\\/uploads\\\/2025\\\/02\\\/olivebranch.jpg\",\"image_width\":\"200\",\"text_align\":\"center\"}}]}]},{\"type\":\"row\",\"props\":{\"layout\":\"1-5,4-5\"},\"children\":[{\"type\":\"column\",\"props\":{\"image_position\":\"center-center\",\"media_overlay_gradient\":\"\",\"width_medium\":\"1-5\"},\"children\":[{\"type\":\"headline\",\"props\":{\"title_element\":\"h2\",\"title_style\":\"h5\",\"content\":\"Popular Questions\"}},{\"type\":\"image\",\"props\":{\"margin\":\"default\",\"image_svg_color\":\"emphasis\",\"image\":\"wp-content\\\/uploads\\\/2021\\\/03\\\/cherry_22April20-01-scaled.jpg\"}}]},{\"type\":\"column\",\"props\":{\"image_position\":\"center-center\",\"media_overlay_gradient\":\"\",\"width_medium\":\"4-5\"},\"children\":[{\"type\":\"description_list\",\"props\":{\"show_title\":true,\"show_meta\":true,\"show_content\":true,\"show_link\":true,\"layout\":\"grid-2\",\"meta_style\":\"meta\",\"meta_align\":\"below-content\",\"title_style\":\"h6\",\"title_color\":\"muted\",\"list_size\":\"large\",\"title_grid_column_gap\":\"\",\"title_grid_row_gap\":\"\",\"title_grid_breakpoint\":\"s\",\"title_grid_width\":\"medium\",\"title_element\":\"h3\",\"list_element\":\"ul\",\"column_breakpoint\":\"m\",\"list_style\":\"divider\"},\"children\":[{\"type\":\"description_list_item\",\"props\":{\"title\":\"Wie lange im Voraus sollten wir unsere Hochzeitsfotografin buchen?\",\"content\":\"\n\n<p>Ihr solltet euch am besten\\u00a0<strong>so fr\\u00fch wie m\\u00f6glich<\\\/strong>\\u00a0um die Buchung eurer Hochzeitsfotografin k\\u00fcmmern! Die Hochzeitsfotografie sollte neben den Basics (Termin, Ort der Trauung, Location f\\u00fcr Feier) an oberster Stelle eurer To-Do-Liste stehen, da ansonsten euer\\u00a0<strong>Wunschtermin<\\\/strong>\\u00a0vielleicht schon vergeben ist. Besonders wenn ihr in der\\u00a0<strong>Hauptsaison<\\\/strong>\\u00a0(d.h. April bis September) heiratet, kommt dies sehr h\\u00e4ufig vor. <strong>Ihr k\\u00f6nnt mich gerne kontaktieren, sobald euer Termin steht.<\\\/strong><\\\/p>\",\"meta\":\"\"}},{\"type\":\"description_list_item\",\"props\":{\"title\":\"Fotografierst du auch au\\u00dferhalb des Lahn-Dill-Kreises?\",\"content\":\"\n\n<p>Selbstverst\\u00e4ndlich! Ich reise sehr gerne und stehe euch\\u00a0<strong>bundesweit<\\\/strong>\\u00a0bzw.\\u00a0<strong>international<\\\/strong> f\\u00fcr Hochzeitsreportagen zur Verf\\u00fcgung.<\\\/p>\"}},{\"type\":\"description_list_item\",\"props\":{\"title\":\"W\\u00fcrdest du uns auch im Ausland begleiten?\",\"content\":\"\n\n<p><strong>Nichts lieber als das!<\\\/strong> Ich reise sehr gerne und begleite euch gerne zu eurer \\u201eDestination Wedding.\\u201c Dabei berechne ich Reisekosten wie Fahrt bzw. Fl\\u00fcge und \\u00dcbernachtungen. Gerne k\\u00f6nnen wir einen Pauschalpreis ausmachen.<\\\/p>\"}}]}]}]},{\"type\":\"row\",\"props\":{\"margin\":\"large\",\"id\":\"orders-shipping\"},\"children\":[{\"type\":\"column\",\"props\":{\"image_position\":\"center-center\",\"media_overlay_gradient\":\"\",\"width_medium\":\"1-1\"},\"children\":[{\"type\":\"divider\",\"props\":{\"divider_element\":\"hr\",\"divider_style\":\"\",\"divider_align\":\"\",\"divider_align_breakpoint\":\"\",\"divider_align_fallback\":\"\"}}]}]},{\"type\":\"row\",\"props\":{\"layout\":\"1-5,4-5\"},\"children\":[{\"type\":\"column\",\"props\":{\"image_position\":\"center-center\",\"media_overlay_gradient\":\"\",\"width_medium\":\"1-5\"},\"children\":[{\"type\":\"headline\",\"props\":{\"title_element\":\"h2\",\"title_style\":\"h5\",\"content\":\"Kennenlernen\"}},{\"type\":\"image\",\"props\":{\"margin\":\"default\",\"image_svg_color\":\"emphasis\",\"image\":\"wp-content\\\/uploads\\\/2021\\\/03\\\/SarahPhilipp_engagement-2-scaled.jpg\"}}]},{\"type\":\"column\",\"props\":{\"image_position\":\"center-center\",\"media_overlay_gradient\":\"\",\"width_medium\":\"4-5\"},\"children\":[{\"type\":\"description_list\",\"props\":{\"show_title\":true,\"show_meta\":true,\"show_content\":true,\"show_link\":true,\"layout\":\"grid-2\",\"meta_style\":\"meta\",\"meta_align\":\"below-content\",\"title_style\":\"h6\",\"title_color\":\"muted\",\"list_size\":\"large\",\"title_grid_column_gap\":\"\",\"title_grid_row_gap\":\"\",\"title_grid_breakpoint\":\"s\",\"title_grid_width\":\"medium\",\"title_element\":\"h3\",\"list_element\":\"ul\",\"column_breakpoint\":\"m\",\"list_style\":\"divider\"},\"children\":[{\"type\":\"description_list_item\",\"props\":{\"title\":\"K\\u00f6nnen wir dich pers\\u00f6nlich kennenlernen?\",\"content\":\"\n\n<p>Unbedingt! Bevor eine feste Buchung zustande kommen kann, treffe ich mich immer erst mit meinen Brautpaaren - entweder pers\\u00f6nlich oder auch mit video call.<\\\/p>\\n\n\n<p>Das hei\\u00dft: <strong>Keine Hochzeitsreportage ohne pers\\u00f6nliches Kennenlernen<\\\/strong>. Warum? Weil ohne ein vertrautes Verh\\u00e4ltnis keine guten Hochzeitsfotos entstehen k\\u00f6nnen. Bei einem ersten Treffen zwischen Brautpaar und Fotografin kann man\\u00a0<strong>sich gegenseitig kennenlernen, sich beschnuppern und schauen, ob die Chemie \\u00fcberhaupt stimmt. Ich bin daran interessiert, euch als Personen kennenzulernen, nicht nur als Kunden.<\\\/strong><\\\/p>\",\"meta\":\"\"}},{\"type\":\"description_list_item\",\"props\":{\"title\":\"Wie l\\u00e4uft ein Kennenlerntreffen ab?\",\"content\":\"\n\n<p>\\u00a0Als\\u00a0<strong>Ort<\\\/strong>\\u00a0f\\u00fcr ein Treffen w\\u00e4hle ich gerne ein gem\\u00fctliches\\u00a0<strong>Caf\\u00e9 oder mein Wohnzimmer<\\\/strong>. Wenn ein pers\\u00f6nliches Treffen aufgrund weiterer Distanz zueinander nicht m\\u00f6glich scheint, kann man sich nat\\u00fcrlich auch per <strong>video call<\\\/strong> kennenlernen.<\\\/p>\\n\n\n<p>Neben dem Kennenlernen auf pers\\u00f6nlicher Ebene nutze ich ein solches Treffen nat\\u00fcrlich auch, um <strong>gemeinsame Konzepte zu entwickeln und euch bei der Planung zu helfen<\\\/strong>. Wir besprechen eure Ideen und schauen, wie wir sie am besten umsetzen k\\u00f6nnen.<\\\/p>\\n\n\n<p>Mein <strong>Wedding Guide<\\\/strong>, den ihr bei einer Buchung auch geschenkt bekommt,\\u00a0 ist auch immer mit dabei, damit wir alles im Blick haben, was den <strong>Ablauf<\\\/strong>\\u00a0des gro\\u00dfen Tages und die Details betrifft.<\\\/p>\\n\n\n<p>Hier k\\u00f6nnen\\u00a0<strong>Fragen beider Seiten<\\\/strong>\\u00a0gekl\\u00e4rt werden und ich sage noch mal, was mir besonders wichtig ist.<\\\/p>\"}}]}]}]},{\"type\":\"row\",\"props\":{\"margin\":\"large\",\"id\":\"exchanges-returns\"},\"children\":[{\"type\":\"column\",\"props\":{\"image_position\":\"center-center\",\"media_overlay_gradient\":\"\",\"width_medium\":\"1-1\"},\"children\":[{\"type\":\"divider\",\"props\":{\"divider_element\":\"hr\",\"divider_style\":\"\",\"divider_align\":\"\",\"divider_align_breakpoint\":\"\",\"divider_align_fallback\":\"\"}}]}]},{\"type\":\"row\",\"props\":{\"layout\":\"1-5,4-5\"},\"children\":[{\"type\":\"column\",\"props\":{\"image_position\":\"center-center\",\"media_overlay_gradient\":\"\",\"width_medium\":\"1-5\"},\"children\":[{\"type\":\"headline\",\"props\":{\"title_element\":\"h2\",\"title_style\":\"h5\",\"content\":\"Planung und Ablauf\"}},{\"type\":\"image\",\"props\":{\"margin\":\"default\",\"image_svg_color\":\"emphasis\",\"image\":\"wp-content\\\/uploads\\\/2021\\\/03\\\/FrancesPatrik_Wedding_MiriamPeuserPhotography-97-1-scaled.jpg\"}}]},{\"type\":\"column\",\"props\":{\"image_position\":\"center-center\",\"media_overlay_gradient\":\"\",\"width_medium\":\"4-5\"},\"children\":[{\"type\":\"description_list\",\"props\":{\"show_title\":true,\"show_meta\":true,\"show_content\":true,\"show_link\":true,\"layout\":\"grid-2\",\"meta_style\":\"meta\",\"meta_align\":\"below-content\",\"title_style\":\"h6\",\"title_color\":\"muted\",\"list_size\":\"large\",\"title_grid_column_gap\":\"\",\"title_grid_row_gap\":\"\",\"title_grid_breakpoint\":\"s\",\"title_grid_width\":\"medium\",\"title_element\":\"h3\",\"list_element\":\"ul\",\"column_breakpoint\":\"m\",\"list_style\":\"divider\"},\"children\":[{\"type\":\"description_list_item\",\"props\":{\"title\":\"Kannst du uns bei der Hochzeitsplanung helfen?\",\"content\":\"\n\n<p>Sehr gerne! Ich habe im Laufe meiner Arbeit schon viel Erfahrung sammeln d\\u00fcrfen und kann euch tolle <a href=\\\"http:\\\/\\\/miriampeuserphotography.de\\\/neu\\\/?page_id=4\\\"><strong>Dienstleister<\\\/strong><\\\/a> empfehlen. Au\\u00dferdem k\\u00f6nnt ihr meine <a href=\\\"https:\\\/\\\/www.pinterest.de\\\/miriampeuserphotography\\\/\\\"><strong>Pinterest-Seite<\\\/strong> <\\\/a>besuchen und euch dort Inspiration zu verschiedenen Hochzeitselementen wie Deko, Torte und Outfit holen.<\\\/p>\",\"meta\":\"\"}},{\"type\":\"description_list_item\",\"props\":{\"title\":\"Bietest du eine Fotobox an?\",\"content\":\"\n\n<p><strong>Nein, eine Fotobox biete ich nicht an<\\\/strong>, ich kann euch aber gerne bei der Suche eines geeigneten Dienstleisters in diesem Bereich behilflich sein.<\\\/p>\"}},{\"type\":\"description_list_item\",\"props\":{\"title\":\"Wie geht es nach der Buchung weiter?\",\"content\":\"\n\n<p>Nach dem Kennenlernen und Austauschen erfolgt die <strong>Terminreservierung<\\\/strong>. Hier zahlt ihr <strong>25%<\\\/strong> eures gebuchten Paketes bereits vor der Hochzeit.\\u00a0<\\\/p>\\n\n\n<p>Des Weiteren wird alles Wichtige in einem <strong>Vertrag<\\\/strong> festgehalten, den ich euch als PDF zukommen lasse.<\\\/p>\\n\n\n<p>Sobald die Terminreservierungsgeb\\u00fchr und der von euch unterzeichnete Vertrag bei mir eingegangen sind, ist der Termin auf beiden Seiten offiziell gebucht.<\\\/p>\\n\n\n<p>Dann bekommt ihr meinen <strong>Wedding Guide<\\\/strong>\\u00a0 zugesendet, in dem ihr auf \\u00fcber 50 Seiten einerseits verschiedene Links, die euch als Inspirationsquelle f\\u00fcr die verschiedenen Bereiche eurer Hochzeit dienen k\\u00f6nnen und andererseits viele <strong>Tipps und Tricks<\\\/strong> zur Planung eures gro\\u00dfen Tages und f\\u00fcr gelungene Bilder findet.<\\\/p>\\n\n\n<p>\\u00a0<\\\/p>\",\"meta\":\"\"}},{\"type\":\"description_list_item\",\"props\":{\"title\":\"Wie arbeitest du w\\u00e4hrend einer Hochzeit?\",\"content\":\"\n\n<p>Ich arbeite in der Regel <strong>alleine<\\\/strong>. W\\u00e4hrend der Trauung verhalte ich mich\\u00a0<strong>leise<\\\/strong>\\u00a0und fotografiere\\u00a0<strong>ohne Blitz.<\\\/strong>\\u00a0Ich arbeite mit\\u00a0<strong>zwei Kameras mit jeweils zwei Speicherkarten<\\\/strong>, sodass ich durch verschiedene Objekte flexibler bin und auf Nummer Sicher gehen kann, was die Datensicherung angeht. Bei den Portraits bevorzuge ich eine<strong>\\u00a0ruhige Atmosph\\u00e4re<\\\/strong>, sodass ihr euch entspannen k\\u00f6nnt und nat\\u00fcrliche Momente der Zweisamkeit (\\u00fcbrigens sehr wertvoll an einem solch aufregenden und vollgepackten Tag!) entstehen. Ich nehme mir Zeit f\\u00fcr euch und mische mich so wenig wie m\\u00f6glich ein. Auf der Hochzeitsfeier versuche ich immer, interessante <strong>Impressionen<\\\/strong>\\u00a0des Brautpaares und der G\\u00e4ste einzufangen, ebenso\\u00a0<strong>Deko<\\\/strong>\\u00a0und\\u00a0<strong>Location<\\\/strong> - hierbei mische ich mich dann auch gerne \\\"unter's Volk\\\" und nehme mit viel Spa\\u00df an eurer Hochzeitsfeier teil! <strong>Abends kommt dann auch der Blitz zum Einsatz.<\\\/strong><\\\/p>\"}},{\"type\":\"description_list_item\",\"props\":{\"title\":\"(Wie) Berechnest du Pausen und Fahrtzeiten w\\u00e4hrend der Reportage?\",\"content\":\"\n\n<p>In der Regel entstehen keine (gr\\u00f6\\u00dferen) Pausen w\\u00e4hrend einer Hochzeitsreportage f\\u00fcr mich. <strong>Meine gebuchte Zeit beginnt ab Ankunft bei euch und endet mit meiner Abreise<\\\/strong>, d.h. alles zwischendurch ist in der Reportage mit inbegriffen, auch eventuelle Fahrtzeiten.<\\\/p>\\n\n\n<p><strong>W\\u00e4hrend des Abendessens fotografiere ich i.d.R. nicht<\\\/strong> und mache selbst kurz Pause, um danach wieder voll f\\u00fcr euch durchstarten zu k\\u00f6nnen.<\\\/p>\"}},{\"type\":\"description_list_item\",\"props\":{\"title\":\"Wie l\\u00e4uft das mit der Bezahlung?\",\"content\":\"\n\n<p>F\\u00fcr Hochzeitsreportagen gibt es eine\\u00a0<strong>Terminreservierungsgeb\\u00fchr von 25%<\\\/strong>, alles Weitere (Rest des Pakets, Fahrtkosten usw.) wird im Anschluss an die Hochzeit <strong>\\u00fcberwiesen<\\\/strong>, hier schreibe ich euch jeweils eine <strong>Rechnung<\\\/strong>.<\\\/p>\\n\n\n<p>An eurem gro\\u00dfen Tag m\\u00fcsst und solltet ihr euch keine Gedanken um's Finanzielle machen.<\\\/p>\"}},{\"type\":\"description_list_item\",\"props\":{\"title\":\"Wie bekommen wir die Bilder?\",\"content\":\"\n\n<p>Nach der Hochzeit sehe ich zun\\u00e4chst alle Bilder durch und sortiere die nicht gelungenen oder doppelten aus. Je nach gebuchtem Paket wird dann die Anzahl Bilder bearbeitet, die das Brautpaar sich w\\u00fcnscht.<\\\/p>\\n\n\n<p>Diese gibt es <strong>hochaufl\\u00f6send, ohne Wasserzeichen <\\\/strong>und liebevoll\\u00a0 in einer schicken <strong>Holzbox<\\\/strong> auf einem Leder-<strong>USB-Stick<\\\/strong>. Die Bearbeitungszeit h\\u00e4ngt immer davon ab, wie viele Bilder gebucht werden und wie ich z.B. in der Hochsaison Zeit finde, aber ich bem\\u00fche mich stets, die Bilder relativ z\\u00fcgig innerhalb weniger Wochen zu bearbeiten.<\\\/p>\\n\n\n<p>In der Regel schicke ich euch aber mit der Rechnung des Rest-Betrages schon ein paar fertige Bilder zu, sodass ihr und eure Lieben euch bereits kurz nach der Hochzeit daran erfreuen k\\u00f6nnen.<\\\/p>\"}}]}]}]}],\"name\":\"FAQ\"},{\"type\":\"section\",\"props\":{\"style\":\"default\",\"width\":\"default\",\"vertical_align\":\"middle\",\"title_position\":\"top-left\",\"title_rotation\":\"left\",\"title_breakpoint\":\"xl\",\"image_position\":\"center-center\",\"padding\":\"xlarge\",\"padding_remove_bottom\":true},\"children\":[{\"type\":\"row\",\"props\":{\"layout\":\"1-4,1-2,1-4\",\"margin\":\"xlarge\"},\"children\":[{\"type\":\"column\",\"props\":{\"image_position\":\"center-center\",\"media_overlay_gradient\":\"\",\"width_medium\":\"1-4\"},\"children\":[]},{\"type\":\"column\",\"props\":{\"image_position\":\"center-center\",\"media_overlay_gradient\":\"\",\"vertical_align\":\"middle\",\"width_medium\":\"1-2\"},\"children\":[{\"type\":\"headline\",\"props\":{\"title_element\":\"h2\",\"title_style\":\"h4\",\"text_align\":\"center\",\"margin\":\"medium\",\"content\":\"Noch Fragen?\"}},{\"type\":\"button\",\"props\":{\"margin\":\"default\",\"button_size\":\"large\",\"text_align\":\"center\",\"grid_column_gap\":\"\",\"grid_row_gap\":\"\"},\"children\":[{\"type\":\"button_item\",\"props\":{\"button_style\":\"default\",\"icon_align\":\"left\",\"content\":\"Let's get in touch\",\"link\":\"index.php?page_id=19\"}}]}]},{\"type\":\"column\",\"props\":{\"image_position\":\"center-center\",\"media_overlay_gradient\":\"\",\"width_medium\":\"1-4\"},\"children\":[]}]}],\"name\":\"Call to Action\"}],\"version\":\"2.4.14\"} --><\/p>\n","protected":false},"excerpt":{"rendered":"<p>Wedding &#8211; Frequently Asked Questions Popular Questions Wie lange im Voraus sollten wir unsere Hochzeitsfotografin buchen? Ihr solltet euch am besten\u00a0so fr\u00fch wie m\u00f6glich\u00a0um die Buchung eurer Hochzeitsfotografin k\u00fcmmern! Die Hochzeitsfotografie sollte neben den Basics (Termin, Ort der Trauung, Location f\u00fcr Feier) an oberster Stelle eurer To-Do-Liste stehen, da ansonsten euer\u00a0Wunschtermin\u00a0vielleicht schon vergeben ist. Besonders [&hellip;]<\/p>\n","protected":false},"author":1,"featured_media":0,"parent":0,"menu_order":0,"comment_status":"open","ping_status":"open","template":"","meta":[],"_links":{"self":[{"href":"https:\/\/www.miriampeuserphotography.de\/en\/wp-json\/wp\/v2\/pages\/20"}],"collection":[{"href":"https:\/\/www.miriampeuserphotography.de\/en\/wp-json\/wp\/v2\/pages"}],"about":[{"href":"https:\/\/www.miriampeuserphotography.de\/en\/wp-json\/wp\/v2\/types\/page"}],"author":[{"embeddable":true,"href":"https:\/\/www.miriampeuserphotography.de\/en\/wp-json\/wp\/v2\/users\/1"}],"replies":[{"embeddable":true,"href":"https:\/\/www.miriampeuserphotography.de\/en\/wp-json\/wp\/v2\/comments?post=20"}],"version-history":[{"count":28,"href":"https:\/\/www.miriampeuserphotography.de\/en\/wp-json\/wp\/v2\/pages\/20\/revisions"}],"predecessor-version":[{"id":9030,"href":"https:\/\/www.miriampeuserphotography.de\/en\/wp-json\/wp\/v2\/pages\/20\/revisions\/9030"}],"wp:attachment":[{"href":"https:\/\/www.miriampeuserphotography.de\/en\/wp-json\/wp\/v2\/media?parent=20"}],"curies":[{"name":"wp","href":"https:\/\/api.w.org\/{rel}","templated":true}]}}