{"id":1943,"date":"2021-03-22T15:05:27","date_gmt":"2021-03-22T15:05:27","guid":{"rendered":"http:\/\/www.miriampeuserphotography.de\/?page_id=1943"},"modified":"2025-02-10T07:50:03","modified_gmt":"2025-02-10T07:50:03","slug":"leistungen","status":"publish","type":"page","link":"https:\/\/www.miriampeuserphotography.de\/en\/leistungen\/","title":{"rendered":"Leistungen"},"content":{"rendered":"<h1>Meine Wedding-Leistungen<\/h1>\n<p><img src=\"\/wp-content\/uploads\/2025\/02\/olivebranch.jpg\" alt=\"\"><\/p>\n<ul>\n<li>\n<p>        <img src=\"\/wp-content\/uploads\/2022\/09\/AnkeHenning_Wedding030922_MiriamPeuserPhotography-207-scaled.jpg\" alt=\"\"><\/p>\n<h3>Kennenlernen<\/h3>\n<div>\n<p style=\"text-align: center;\">Bei einem gem\u00fctlichen Treffen schauen wir, ob die Chemie stimmt, erz\u00e4hlen voneinander und kl\u00e4ren offene Fragen.<\/p>\n<\/div>\n<\/li>\n<li>\n<p>        <img src=\"\/wp-content\/uploads\/2021\/03\/Frances_Patrik_Wedding_MiriamPeuserPhotography-278-scaled.jpg\" alt=\"\"><\/p>\n<h3>Beratung<\/h3>\n<div>\n<p style=\"text-align: center;\">Gerne helfe ich euch bei der Planung eurer Hochzeit, z.B. was den Ablauf angeht. Hier kann ich auf meine jahrelange Erfahrung zur\u00fcckgreifen.<\/p>\n<\/div>\n<\/li>\n<li>\n<p>        <img src=\"\/wp-content\/uploads\/2021\/03\/LeaJulianEmil_bunt_MiriamPeuserPhotography-50-scaled.jpg\" alt=\"\"><\/p>\n<h3>Engagement Session<\/h3>\n<div>\n<p style=\"text-align: center;\">Bei einem Shoot* vorab k\u00f6nnt ihr schonmal schauen, wie es ist, vor (m)einer Kamera zu stehen.<\/p>\n<p style=\"text-align: center;\">\u00a0(*ab 8 Std. Begleitung inkl.)<\/p>\n<\/div>\n<\/li>\n<\/ul>\n<ul>\n<li>\n<p>        <img src=\"\/wp-content\/uploads\/2021\/03\/flatlay_boxengutscheineWWP2020-20-2-scaled.jpg\" alt=\"\"><\/p>\n<h3>Inspiration &#038; Tipps<\/h3>\n<div>\n<p style=\"text-align: center;\">Nach der Buchung erhaltet ihr meinen Wedding Guide mit \u00fcber 50 Seiten n\u00fctzlicher Infos und Tipps f\u00fcr einen entspannten Hochzeitstag und tolle Bilder.<\/p>\n<\/div>\n<\/li>\n<li>\n<p>        <img src=\"\/wp-content\/uploads\/2022\/09\/AgnesTjark_Wedding6Aug22_MiriamPeuserPhotography-101-scaled.jpg\" alt=\"\"><\/p>\n<h3>Reportage<\/h3>\n<div>\n<p style=\"text-align: center;\">An eurem gro\u00dfen Tag begleite ich euch und fange die gro\u00dfen und kleinen Momente ein. Ihr k\u00f6nnt w\u00e4hlen zwischen 4 Paketen, die ab 1500\u20ac* starten.<\/p>\n<p style=\"text-align: center;\">(*inkl. Ver\u00f6ffentlichungsnachlass)<\/p>\n<\/div>\n<\/li>\n<li>\n<p>        <img src=\"\/wp-content\/uploads\/2021\/03\/AnetaMathias_Wedding18_MiriamPeuserPhotography-173-2-scaled.jpg\" alt=\"\"><\/p>\n<h3>Anfahrt<\/h3>\n<div>\n<p style=\"text-align: center;\">Egal, wo es euch hinzieht &#8211; ich bin gerne dabei!<\/p>\n<p style=\"text-align: center;\">Bundesweit begleite ich euch f\u00fcr 0,30\u20ac\/km. F\u00fcr Hochzeiten im Ausland vereinbaren wir einen individuellen Preis.<\/p>\n<\/div>\n<\/li>\n<\/ul>\n<ul>\n<li>\n<p>        <img src=\"\/wp-content\/uploads\/2021\/04\/HochzeitHenslerhofSchwarzwald-5-scaled.jpg\" alt=\"\"><\/p>\n<h3>Aufl\u00f6sung &#038; Nutzung<\/h3>\n<div>\n<p style=\"text-align: center;\">Ihr bekommt eure Hochzeitsbilder in voller Aufl\u00f6sung ohne Wasserzeichen inkl. privater Nutzungsrechte.<\/p>\n<p style=\"text-align: center;\">Falls ich Bilder aus eurer Reportage zeigen darf, bekommt ihr einen Nachlass von 25% auf euer gebuchtes Paket.<\/p>\n<\/div>\n<\/li>\n<li>\n<p>        <img src=\"\/wp-content\/uploads\/2022\/09\/packaging_2022-2-scaled.jpg\" alt=\"\"><\/p>\n<h3>Packaging<\/h3>\n<div>\n<p style=\"text-align: center;\">Liebevoll verpackt erhaltet ihr eure Bilder auf einem Leder-USB-Stick in einer sch\u00f6nen Holzbox* zusammen mit einer kleinen \u00dcberraschung.<\/p>\n<p style=\"text-align: center;\">(*ab 6 Std. Begleitung)<\/p>\n<p style=\"text-align: center;\">Bei k\u00fcrzeren Begleitungen stelle ich euch eure Bilder in einer Online-Galerie zur Verf\u00fcgung.<\/p>\n<\/div>\n<\/li>\n<li>\n<p>        <img src=\"\/wp-content\/uploads\/2021\/03\/MarisaJonas_Standesamt-125-2-scaled.jpg\" alt=\"\"><\/p>\n<h3>Eure Bilder<\/h3>\n<div>\n<p style=\"text-align: center;\">Nach der Hochzeit sichere und sortiere ich die geschossenen Bilder sorgf\u00e4ltig. Anschlie\u00dfend bearbeite ich die von euch gebuchte Anzahl an Dateien in meinem Stil, sodass sie eine &#8222;runde&#8220; Geschichte eures gro\u00dfen Tages erz\u00e4hlen.<\/p>\n<\/div>\n<\/li>\n<\/ul>\n<p><!--more--><br \/>\n<!-- {\"type\":\"layout\",\"children\":[{\"type\":\"section\",\"props\":{\"style\":\"default\",\"width\":\"default\",\"vertical_align\":\"middle\",\"title_position\":\"top-left\",\"title_rotation\":\"left\",\"title_breakpoint\":\"xl\",\"image_position\":\"center-center\"},\"children\":[{\"type\":\"row\",\"children\":[{\"type\":\"column\",\"props\":{\"image_position\":\"center-center\",\"media_overlay_gradient\":\"\"},\"children\":[{\"type\":\"headline\",\"props\":{\"title_element\":\"h1\",\"content\":\"Meine Wedding-Leistungen\",\"text_align\":\"center\",\"title_decoration\":\"line\"}},{\"type\":\"image\",\"props\":{\"margin\":\"default\",\"image_svg_color\":\"emphasis\",\"image\":\"wp-content\\\/uploads\\\/2025\\\/02\\\/olivebranch.jpg\",\"image_width\":\"200\",\"text_align\":\"center\"}}]}]}]},{\"type\":\"section\",\"props\":{\"style\":\"default\",\"width\":\"default\",\"vertical_align\":\"middle\",\"title_position\":\"top-left\",\"title_rotation\":\"left\",\"title_breakpoint\":\"xl\",\"image_position\":\"center-center\"},\"children\":[{\"type\":\"row\",\"children\":[{\"type\":\"column\",\"props\":{\"image_position\":\"center-center\",\"media_overlay_gradient\":\"\",\"width_medium\":\"\"},\"children\":[{\"type\":\"grid\",\"props\":{\"show_title\":true,\"show_meta\":true,\"show_content\":true,\"show_image\":true,\"show_link\":false,\"grid_default\":\"1\",\"grid_medium\":\"3\",\"filter_style\":\"tab\",\"filter_all\":true,\"filter_position\":\"top\",\"filter_align\":\"left\",\"filter_grid_width\":\"auto\",\"filter_grid_breakpoint\":\"m\",\"title_hover_style\":\"reset\",\"title_element\":\"h3\",\"title_align\":\"top\",\"title_grid_width\":\"1-2\",\"title_grid_breakpoint\":\"m\",\"meta_style\":\"meta\",\"meta_align\":\"below-title\",\"meta_element\":\"div\",\"content_column_breakpoint\":\"m\",\"icon_width\":80,\"image_align\":\"top\",\"image_grid_width\":\"1-2\",\"image_grid_breakpoint\":\"m\",\"image_svg_color\":\"emphasis\",\"link_text\":\"Read more\",\"link_style\":\"default\",\"margin\":\"default\",\"item_animation\":\"\",\"text_align\":\"center\",\"image_width\":\"300\",\"grid_large\":\"3\",\"grid_xlarge\":\"3\"},\"children\":[{\"type\":\"grid_item\",\"props\":{\"title\":\"Kennenlernen\",\"content\":\"\n\n<p style=\\\"text-align: center;\\\">Bei einem gem\\u00fctlichen Treffen schauen wir, ob die Chemie stimmt, erz\\u00e4hlen voneinander und kl\\u00e4ren offene Fragen.<\\\/p>\",\"image\":\"wp-content\\\/uploads\\\/2022\\\/09\\\/AnkeHenning_Wedding030922_MiriamPeuserPhotography-207-scaled.jpg\"}},{\"type\":\"grid_item\",\"props\":{\"title\":\"Beratung\",\"content\":\"\n\n<p style=\\\"text-align: center;\\\">Gerne helfe ich euch bei der Planung eurer Hochzeit, z.B. was den Ablauf angeht. Hier kann ich auf meine jahrelange Erfahrung zur\\u00fcckgreifen.<\\\/p>\",\"image\":\"wp-content\\\/uploads\\\/2021\\\/03\\\/Frances_Patrik_Wedding_MiriamPeuserPhotography-278-scaled.jpg\"}},{\"type\":\"grid_item\",\"props\":{\"title\":\"Engagement Session\",\"content\":\"\n\n<p style=\\\"text-align: center;\\\">Bei einem Shoot* vorab k\\u00f6nnt ihr schonmal schauen, wie es ist, vor (m)einer Kamera zu stehen.<\\\/p>\\n\n\n<p style=\\\"text-align: center;\\\">\\u00a0(*ab 8 Std. Begleitung inkl.)<\\\/p>\",\"image\":\"wp-content\\\/uploads\\\/2021\\\/03\\\/LeaJulianEmil_bunt_MiriamPeuserPhotography-50-scaled.jpg\"}}]},{\"type\":\"grid\",\"props\":{\"show_title\":true,\"show_meta\":true,\"show_content\":true,\"show_image\":true,\"show_link\":true,\"grid_default\":\"1\",\"grid_medium\":\"3\",\"filter_style\":\"tab\",\"filter_all\":true,\"filter_position\":\"top\",\"filter_align\":\"left\",\"filter_grid_width\":\"auto\",\"filter_grid_breakpoint\":\"m\",\"title_hover_style\":\"reset\",\"title_element\":\"h3\",\"title_align\":\"top\",\"title_grid_width\":\"1-2\",\"title_grid_breakpoint\":\"m\",\"meta_style\":\"meta\",\"meta_align\":\"below-title\",\"meta_element\":\"div\",\"content_column_breakpoint\":\"m\",\"icon_width\":80,\"image_align\":\"top\",\"image_grid_width\":\"1-2\",\"image_grid_breakpoint\":\"m\",\"image_svg_color\":\"emphasis\",\"link_text\":\"Read more\",\"link_style\":\"default\",\"margin\":\"default\",\"item_animation\":\"\",\"grid_large\":\"3\",\"grid_xlarge\":\"3\",\"text_align\":\"center\",\"image_width\":\"300\"},\"children\":[{\"type\":\"grid_item\",\"props\":{\"title\":\"Inspiration & Tipps\",\"content\":\"\n\n<p style=\\\"text-align: center;\\\">Nach der Buchung erhaltet ihr meinen Wedding Guide mit \\u00fcber 50 Seiten n\\u00fctzlicher Infos und Tipps f\\u00fcr einen entspannten Hochzeitstag und tolle Bilder.<\\\/p>\",\"image\":\"wp-content\\\/uploads\\\/2021\\\/03\\\/flatlay_boxengutscheineWWP2020-20-2-scaled.jpg\"}},{\"type\":\"grid_item\",\"props\":{\"title\":\"Reportage\",\"content\":\"\n\n<p style=\\\"text-align: center;\\\">An eurem gro\\u00dfen Tag begleite ich euch und fange die gro\\u00dfen und kleinen Momente ein. Ihr k\\u00f6nnt w\\u00e4hlen zwischen 4 Paketen, die ab 1500\\u20ac* starten.<\\\/p>\\n\n\n<p style=\\\"text-align: center;\\\">(*inkl. Ver\\u00f6ffentlichungsnachlass)<\\\/p>\",\"image\":\"wp-content\\\/uploads\\\/2022\\\/09\\\/AgnesTjark_Wedding6Aug22_MiriamPeuserPhotography-101-scaled.jpg\"}},{\"type\":\"grid_item\",\"props\":{\"title\":\"Anfahrt\",\"content\":\"\n\n<p style=\\\"text-align: center;\\\">Egal, wo es euch hinzieht - ich bin gerne dabei!<\\\/p>\\n\n\n<p style=\\\"text-align: center;\\\">Bundesweit begleite ich euch f\\u00fcr 0,30\\u20ac\\\/km. F\\u00fcr Hochzeiten im Ausland vereinbaren wir einen individuellen Preis.<\\\/p>\",\"image\":\"wp-content\\\/uploads\\\/2021\\\/03\\\/AnetaMathias_Wedding18_MiriamPeuserPhotography-173-2-scaled.jpg\"}}]},{\"type\":\"grid\",\"props\":{\"show_title\":true,\"show_meta\":true,\"show_content\":true,\"show_image\":true,\"show_link\":true,\"grid_default\":\"1\",\"grid_medium\":\"3\",\"filter_style\":\"tab\",\"filter_all\":true,\"filter_position\":\"top\",\"filter_align\":\"left\",\"filter_grid_width\":\"auto\",\"filter_grid_breakpoint\":\"m\",\"title_hover_style\":\"reset\",\"title_element\":\"h3\",\"title_align\":\"top\",\"title_grid_width\":\"1-2\",\"title_grid_breakpoint\":\"m\",\"meta_style\":\"meta\",\"meta_align\":\"below-title\",\"meta_element\":\"div\",\"content_column_breakpoint\":\"m\",\"icon_width\":80,\"image_align\":\"top\",\"image_grid_width\":\"1-2\",\"image_grid_breakpoint\":\"m\",\"image_svg_color\":\"emphasis\",\"link_text\":\"Read more\",\"link_style\":\"default\",\"margin\":\"default\",\"item_animation\":\"\",\"text_align\":\"center\",\"image_width\":\"300\"},\"children\":[{\"type\":\"grid_item\",\"props\":{\"title\":\"Aufl\\u00f6sung & Nutzung\",\"content\":\"\n\n<p style=\\\"text-align: center;\\\">Ihr bekommt eure Hochzeitsbilder in voller Aufl\\u00f6sung ohne Wasserzeichen inkl. privater Nutzungsrechte.<\\\/p>\\n\n\n<p style=\\\"text-align: center;\\\">Falls ich Bilder aus eurer Reportage zeigen darf, bekommt ihr einen Nachlass von 25% auf euer gebuchtes Paket.<\\\/p>\",\"image\":\"wp-content\\\/uploads\\\/2021\\\/04\\\/HochzeitHenslerhofSchwarzwald-5-scaled.jpg\"}},{\"type\":\"grid_item\",\"props\":{\"title\":\"Packaging\",\"content\":\"\n\n<p style=\\\"text-align: center;\\\">Liebevoll verpackt erhaltet ihr eure Bilder auf einem Leder-USB-Stick in einer sch\\u00f6nen Holzbox* zusammen mit einer kleinen \\u00dcberraschung.<\\\/p>\\n\n\n<p style=\\\"text-align: center;\\\">(*ab 6 Std. Begleitung)<\\\/p>\\n\n\n<p style=\\\"text-align: center;\\\">Bei k\\u00fcrzeren Begleitungen stelle ich euch eure Bilder in einer Online-Galerie zur Verf\\u00fcgung.<\\\/p>\",\"image\":\"wp-content\\\/uploads\\\/2022\\\/09\\\/packaging_2022-2-scaled.jpg\"}},{\"type\":\"grid_item\",\"props\":{\"title\":\"Eure Bilder\",\"content\":\"\n\n<p style=\\\"text-align: center;\\\">Nach der Hochzeit sichere und sortiere ich die geschossenen Bilder sorgf\\u00e4ltig. Anschlie\\u00dfend bearbeite ich die von euch gebuchte Anzahl an Dateien in meinem Stil, sodass sie eine \\\"runde\\\" Geschichte eures gro\\u00dfen Tages erz\\u00e4hlen.<\\\/p>\",\"image\":\"wp-content\\\/uploads\\\/2021\\\/03\\\/MarisaJonas_Standesamt-125-2-scaled.jpg\"}}]}]}]}]}],\"version\":\"2.4.14\"} --><\/p>\n","protected":false},"excerpt":{"rendered":"<p>Meine Wedding-Leistungen Kennenlernen Bei einem gem\u00fctlichen Treffen schauen wir, ob die Chemie stimmt, erz\u00e4hlen voneinander und kl\u00e4ren offene Fragen. Beratung Gerne helfe ich euch bei der Planung eurer Hochzeit, z.B. was den Ablauf angeht. Hier kann ich auf meine jahrelange Erfahrung zur\u00fcckgreifen. Engagement Session Bei einem Shoot* vorab k\u00f6nnt ihr schonmal schauen, wie es ist, [&hellip;]<\/p>\n","protected":false},"author":2,"featured_media":0,"parent":0,"menu_order":0,"comment_status":"closed","ping_status":"closed","template":"","meta":[],"_links":{"self":[{"href":"https:\/\/www.miriampeuserphotography.de\/en\/wp-json\/wp\/v2\/pages\/1943"}],"collection":[{"href":"https:\/\/www.miriampeuserphotography.de\/en\/wp-json\/wp\/v2\/pages"}],"about":[{"href":"https:\/\/www.miriampeuserphotography.de\/en\/wp-json\/wp\/v2\/types\/page"}],"author":[{"embeddable":true,"href":"https:\/\/www.miriampeuserphotography.de\/en\/wp-json\/wp\/v2\/users\/2"}],"replies":[{"embeddable":true,"href":"https:\/\/www.miriampeuserphotography.de\/en\/wp-json\/wp\/v2\/comments?post=1943"}],"version-history":[{"count":25,"href":"https:\/\/www.miriampeuserphotography.de\/en\/wp-json\/wp\/v2\/pages\/1943\/revisions"}],"predecessor-version":[{"id":9031,"href":"https:\/\/www.miriampeuserphotography.de\/en\/wp-json\/wp\/v2\/pages\/1943\/revisions\/9031"}],"wp:attachment":[{"href":"https:\/\/www.miriampeuserphotography.de\/en\/wp-json\/wp\/v2\/media?parent=1943"}],"curies":[{"name":"wp","href":"https:\/\/api.w.org\/{rel}","templated":true}]}}