{"id":1813,"date":"2021-03-18T12:28:27","date_gmt":"2021-03-18T12:28:27","guid":{"rendered":"http:\/\/miriampeuserphotography.de\/mimi\/?page_id=1813"},"modified":"2026-02-23T16:23:00","modified_gmt":"2026-02-23T16:23:00","slug":"faq","status":"publish","type":"page","link":"https:\/\/www.miriampeuserphotography.de\/en\/faq\/","title":{"rendered":"FAQ"},"content":{"rendered":"<h1>Frequently Asked Questions<\/h1>\n<p><img src=\"\/wp-content\/uploads\/2025\/02\/olivebranch.jpg\" alt=\"\"><\/p>\n<h2>Vor dem Shoot<\/h2>\n<p><img src=\"\/wp-content\/uploads\/2021\/03\/LeonaDominik_Cherry2020-33-scaled.jpg\" alt=\"\"><\/p>\n<ul>\n<li>\n<h3>Welche Art von Shoots bietest du an?<\/h3>\n<div>\n<p>Ich habe mich auf <strong>Hochzeiten, Paarfotos, Familien<\/strong> (dazu geh\u00f6ren auch Babybauch- und Newborn-Shoots) und <strong>Portraits<\/strong> (dazu geh\u00f6ren auch sinnliche Boudoir-Bilder) spezialisert. Au\u00dferdem biete ich <strong>Business<\/strong> Portraits f\u00fcr gewerbliche Kunden an.<\/p>\n<p>Schau dich gerne in meinem <a href=\"http:\/\/miriampeuserphotography.de\/neu\/?page_id=6\"><strong>Portfolio<\/strong><\/a> um, um dir einen Eindruck zu verschaffen.<\/p>\n<\/div>\n<\/li>\n<li>\n<h3>Wie buchen wir dich f\u00fcr einen Shoot?<\/h3>\n<div>\n<p>Bitte schreibt mir \u00fcber das <a href=\"http:\/\/miriampeuserphotography.de\/neu\/?page_id=19\"><strong>Kontaktformular<\/strong><\/a>, dann k\u00f6nnen wir einen Termin ausmachen und eure W\u00fcnsche besprechen. Bitte plant ca. <strong>2-3 Wochen Vorlaufzeit <\/strong>ein.<\/p>\n<p>Ich biete Shoots nur <strong>von Montag bis Freitag<\/strong> an.<\/p>\n<\/div>\n<\/li>\n<li>\n<h3>Wo finden die Shoots statt?<\/h3>\n<div>\n<p style=\"text-align: left;\">F\u00fcr mich ist die <strong>Natur<\/strong> die sch\u00f6nste und abwechslungsreichste Kulisse, in der ich mich kreativ austoben kann, daher besitze ich kein Fotostudio.<\/p>\n<p style=\"text-align: left;\">Gerne fotografiere ich z.B. im Wald, auf einem Feld oder an Seen, wobei ich euch gerne eine Location in meiner N\u00e4he (<strong>35759<\/strong>) aus meinem Repertoire vorschlagen kann.<\/p>\n<p style=\"text-align: left;\">Nat\u00fcrlich reise ich auch gerne zu euch (zzgl. <strong>Fahrtkosten 0.50\u20ac\/km<\/strong>). F\u00fcr <strong>Boudoir-Shoots<\/strong> habe ich immer eine <strong>Indoor-Location<\/strong> (35759) f\u00fcr euch parat.<\/p>\n<\/div>\n<\/li>\n<li>\n<h3>Wie viel kostet ein Shoot bei dir?<\/h3>\n<div>\n<p>Ihr k\u00f6nnt zwischen<strong> 3 Standard-Paketen (ab 210\u20ac) <\/strong>und <strong>Specials <\/strong>w\u00e4hlen.<\/p>\n<p><strong>Die Pakete variieren im Umfang, was die Dauer und die Anzahl der ausgelieferten Dateien angeht. <\/strong>so ist f\u00fcr jede\/n etwas dabei!<\/p>\n<p>Bei den gr\u00f6\u00dften Paketen gibt es noch <strong>Goodies wie ein Fotobuch <\/strong>dazu.<\/p>\n<p>Schaut euch unter<a href=\"http:\/\/www.miriampeuserphotography.de\/preise\"> <strong>Preise<\/strong><\/a> um f\u00fcr alle Informationen.<\/p>\n<\/p>\n<\/div>\n<\/li>\n<li>\n<h3>Wann ist der beste Zeitpunkt f\u00fcr einen Babybauch-Shoot?<\/h3>\n<div>\n<p>Ein Babybauch-Shoot macht dann am meisten Sinn, wenn man den Bauch schon sch\u00f6n sieht, es aber auch &#8222;safe&#8220; ist, d.h. nicht zu nah am ET. Hier empfehle ich gerne, <strong>zwischen SSW 33-36<\/strong> zu shooten. Bitte kontaktiert mich hierzu fr\u00fchzeitig!<\/p>\n<\/div>\n<\/li>\n<\/ul>\n<hr>\n<h2>W\u00e4hrend des Shoots<\/h2>\n<p><img src=\"\/wp-content\/uploads\/2021\/03\/TanjaRobin_engagement-49-scaled.jpg\" alt=\"\"><\/p>\n<ul>\n<li>\n<h3>Was passiert, wenn das Wetter am geplanten Termin nicht mitspielt?<\/h3>\n<div>\n<p>Sollte das Wetter nicht passen, kann das Shooting auf einen Ersatztermin <strong>verschoben<\/strong> werden, wobei <strong>keine weiteren Kosten<\/strong> f\u00fcr euch anfallen.<\/p>\n<\/div>\n<\/li>\n<li>\n<h3>Wie l\u00e4uft ein Shoot bei dir ab?<\/h3>\n<div>\n<p>Sp\u00e4testens einen Tag vor dem Shoot schicke ich euch meinen <strong>Vertrag als PDF<\/strong> zu, in dem nochmal alles geregelt ist.<\/p>\n<p>Wir treffen uns p\u00fcnktlich an der vereinbarten Location oder bei mir Zuhause, wobei ihr f\u00fcr den Shoot <strong>je nach Paket ca. 30 \u2013 90 Min<\/strong>. einplanen solltet.<\/p>\n<p>Ihr habt so etwas noch nie gemacht und seid ihr daher unsicher vor der Kamera? Kein Problem! Gerne gebe ich euch <strong>Anleitung beim Posing<\/strong>, die sch\u00f6nsten Bilder entstehen n\u00e4mlich dann, wenn ich authentische Momente einfangen kann.<\/p>\n<p>Wichtig ist mir dabei immer, dass w\u00e4hrend dem Shoot eine <strong>entspannte Atmosph\u00e4re<\/strong> herrscht und dass beide Parteien sozusagen \u201eauf der gleichen Wellenl\u00e4nge\u201c liegen.<\/p>\n<\/div>\n<\/li>\n<li>\n<h3>Welches Outfit + Styling sollten wir w\u00e4hlen?<\/h3>\n<div>\n<p>Die Kleidung spielt eine gro\u00dfe Rolle f\u00fcr euer fertiges Ergebnis. Generell empfehle ich <strong>nat\u00fcrliche Texturen und hellere Farben,<\/strong> die aufeinander abgestimmt sind. Bitte <strong>vermeidet<\/strong> unbedingt grelle Farben und wilde Muster\/Aufdrucke\/Logos. Gerne d\u00fcrft ihr euch auf meiner <strong><a href=\"https:\/\/www.pinterest.de\/miriampeuserphotography\/\">Pinnwand<\/a>\u00a0<\/strong> inspirieren lassen.<\/p>\n<p>Nat\u00fcrlich k\u00f6nnt ihr mir auch vorab Fotos und Ideen zukommen lassen, ich berate euch gerne.<\/p>\n<\/div>\n<\/li>\n<\/ul>\n<hr>\n<h2>Nach dem Shoot<\/h2>\n<p><img src=\"\/wp-content\/uploads\/2021\/03\/Darline_sunflowers_new-scaled.jpg\" alt=\"\"><\/p>\n<ul>\n<li>\n<h3>Wie viele Bilder bekommen wir? <\/h3>\n<div>\n<p>Je nach gebuchtem Paket variiert die Anzahl der bearbeiteten Dateien von <strong>zwischen 20 und 70+<\/strong>, die nachher ausgeliefert werden.<\/p>\n<\/p>\n<\/div>\n<\/li>\n<li>\n<h3>Wie werden die Bilder ausgesucht? <\/h3>\n<div>\n<div id=\"full-width\">\n<p>W\u00e4hrend des Shoots zeige ich euch die Bilder bereits in der Kamera, sodass ihr einen \u00dcberblick bekommt und vielleicht sogar schon einige Favoriten entdeckt.<\/p>\n<p><strong>Nach dem Shoot k\u00f6nnt ihr alle Bilder in einer Online-Galerie ansehen und dort ausw\u00e4hlen, welche ihr haben m\u00f6chtet.<\/strong><\/p>\n<\/div>\n<\/div>\n<\/li>\n<li>\n<h3>Wie und wann bekommen wir die Bilder?<\/h3>\n<div>\n<p>Eure Bilder stelle ich euch <strong>nach Zahlungseingang<\/strong> in einer stylischen <strong>Online-Galerie<\/strong> bereit, die ihr dann bequem per PIN downloaden k\u00f6nnt. F\u00fcr die Bearbeitung rechne ich <strong>ca. 7-14 Tage<\/strong> ein &#8211; in der Hochzeits-Hochsaison auch schon mal etwas l\u00e4nger.<\/p>\n<p>Die Dateien bekommt ihr <strong>hochaufl\u00f6send<\/strong> und <strong>ohne Wasserzeichen<\/strong> f\u00fcr eure private Nutzung. Ihr bekommt <strong>ausschlie\u00dflich bearbeitete Bilder<\/strong>.<\/p>\n<\/div>\n<\/li>\n<li>\n<h3>Wie wird gezahlt?<\/h3>\n<div>\n<p>Ihr bekommt nach dem Shoot eine Email mit der <strong>Rechnung<\/strong> als PDF, wobei der angegebene Betrag <strong>\u00fcberwiesen<\/strong> wird.<\/p>\n<p><strong>Barzahlung ist nicht m\u00f6glich.<\/strong><\/p>\n<\/div>\n<\/li>\n<li>\n<h3>Werden unsere Bilder ver\u00f6ffentlicht?<\/h3>\n<div>\n<p>Sehr gerne zeige ich aktuelle Arbeiten auf meiner Website und auf Social Media.<\/p>\n<p>Falls ihr aber nicht m\u00f6chtet, dass eure Bilder gezeigt werden, ist das kein Problem.<\/p>\n<p>Wenn ihr allerdings einer Ver\u00f6ffentlichung zustimmt, erhaltet ihr einen <strong>Ver\u00f6ffentlichungsnachlass von 25%<\/strong> auf euer gebuchtes Paket (siehe Preiskatalog).<\/p>\n<\/div>\n<\/li>\n<li>\n<h3>D\u00fcrfen wir die Bilder ver\u00f6ffentlichen? Was m\u00fcssen wir dabei beachten?<\/h3>\n<div>\n<p>Sehr gerne! Ich freue mich immer riesig, wenn meine Kunden zufrieden und gl\u00fccklich mit dem Ergebnis sind und ihre Bilder ver\u00f6ffentlichen \u2013 wichtig ist mir hierbei die <strong>Verlinkung bzw. Nennung<\/strong>.<\/p>\n<p><strong>Ihr bekommt ein privates Nutzungsrecht<\/strong>, d.h. ihr d\u00fcrft sie ausschlie\u00dflich f\u00fcr private Zwecke verweden \u2013 f\u00fcr kommerzielle Nutzung (z.B. f\u00fcr Websiten) vereinbaren wir einen gesonderten Preis. <strong>Das Urheberrecht bleibt weiterhin bei mir.<\/strong><\/p>\n<p><strong>Die Bilder d\u00fcrfen im Nachhinein nicht mehr bearbeitet werden<\/strong> &#8211; dazu z\u00e4hlen auch Social Media Filter.<\/p>\n<\/div>\n<\/li>\n<\/ul>\n<h4>Noch Fragen?<\/h4>\n<p>\n    <a href=\"\/index.php?page_id=19\">Let&#8217;s get in touch<\/a>\n<\/p>\n<p><!--more--><br \/>\n<!-- {\"type\":\"layout\",\"children\":[{\"type\":\"section\",\"props\":{\"style\":\"default\",\"width\":\"default\",\"vertical_align\":\"middle\",\"title_position\":\"top-left\",\"title_rotation\":\"left\",\"title_breakpoint\":\"xl\",\"image_position\":\"center-center\"},\"children\":[{\"type\":\"row\",\"children\":[{\"type\":\"column\",\"props\":{\"image_position\":\"center-center\",\"media_overlay_gradient\":\"\"},\"children\":[{\"type\":\"headline\",\"props\":{\"title_element\":\"h1\",\"content\":\"Frequently Asked Questions\",\"text_align\":\"center\",\"title_decoration\":\"line\"}},{\"type\":\"image\",\"props\":{\"margin\":\"default\",\"image_svg_color\":\"emphasis\",\"image\":\"wp-content\\\/uploads\\\/2025\\\/02\\\/olivebranch.jpg\",\"image_width\":\"200\",\"text_align\":\"center\"}}]}],\"props\":{\"margin\":\"xlarge\"}}]},{\"type\":\"section\",\"props\":{\"style\":\"default\",\"width\":\"default\",\"vertical_align\":\"middle\",\"title_position\":\"top-left\",\"title_rotation\":\"left\",\"title_breakpoint\":\"xl\",\"image_position\":\"center-center\"},\"children\":[{\"type\":\"row\",\"props\":{\"layout\":\"1-5,4-5\"},\"children\":[{\"type\":\"column\",\"props\":{\"image_position\":\"center-center\",\"media_overlay_gradient\":\"\",\"width_medium\":\"1-5\"},\"children\":[{\"type\":\"headline\",\"props\":{\"title_element\":\"h2\",\"content\":\"Vor dem Shoot\",\"title_style\":\"h5\"}},{\"type\":\"image\",\"props\":{\"margin\":\"default\",\"image_svg_color\":\"emphasis\",\"image\":\"wp-content\\\/uploads\\\/2021\\\/03\\\/LeonaDominik_Cherry2020-33-scaled.jpg\"}}]},{\"type\":\"column\",\"props\":{\"image_position\":\"center-center\",\"media_overlay_gradient\":\"\",\"width_medium\":\"4-5\"},\"children\":[{\"type\":\"description_list\",\"props\":{\"show_title\":true,\"show_meta\":true,\"show_content\":true,\"show_link\":true,\"list_element\":\"ul\",\"column_breakpoint\":\"m\",\"layout\":\"grid-2\",\"title_grid_width\":\"medium\",\"title_grid_column_gap\":\"small\",\"title_grid_row_gap\":\"small\",\"title_element\":\"div\",\"meta_style\":\"meta\",\"meta_align\":\"below-content\",\"list_size\":\"\",\"list_style\":\"divider\",\"list_marker\":\"\",\"title_grid_breakpoint\":\"s\"},\"children\":[{\"type\":\"description_list_item\",\"props\":{\"title\":\"Welche Art von Shoots bietest du an?\",\"content\":\"\n\n<p>Ich habe mich auf <strong>Hochzeiten, Paarfotos, Familien<\\\/strong> (dazu geh\\u00f6ren auch Babybauch- und Newborn-Shoots) und <strong>Portraits<\\\/strong> (dazu geh\\u00f6ren auch sinnliche Boudoir-Bilder) spezialisert. Au\\u00dferdem biete ich <strong>Business<\\\/strong> Portraits f\\u00fcr gewerbliche Kunden an.<\\\/p>\\n\n\n<p>Schau dich gerne in meinem <a href=\\\"http:\\\/\\\/miriampeuserphotography.de\\\/neu\\\/?page_id=6\\\"><strong>Portfolio<\\\/strong><\\\/a> um, um dir einen Eindruck zu verschaffen.<\\\/p>\"}},{\"type\":\"description_list_item\",\"props\":{\"title\":\"Wie buchen wir dich f\\u00fcr einen Shoot?\",\"content\":\"\n\n<p>Bitte schreibt mir \\u00fcber das <a href=\\\"http:\\\/\\\/miriampeuserphotography.de\\\/neu\\\/?page_id=19\\\"><strong>Kontaktformular<\\\/strong><\\\/a>, dann k\\u00f6nnen wir einen Termin ausmachen und eure W\\u00fcnsche besprechen. Bitte plant ca. <strong>2-3 Wochen Vorlaufzeit <\\\/strong>ein.<\\\/p>\\n\n\n<p>Ich biete Shoots nur <strong>von Montag bis Freitag<\\\/strong> an.<\\\/p>\"}},{\"type\":\"description_list_item\",\"props\":{\"title\":\"Wo finden die Shoots statt?\",\"content\":\"\n\n<p style=\\\"text-align: left;\\\">F\\u00fcr mich ist die <strong>Natur<\\\/strong> die sch\\u00f6nste und abwechslungsreichste Kulisse, in der ich mich kreativ austoben kann, daher besitze ich kein Fotostudio.<\\\/p>\\n\n\n<p style=\\\"text-align: left;\\\">Gerne fotografiere ich z.B. im Wald, auf einem Feld oder an Seen, wobei ich euch gerne eine Location in meiner N\\u00e4he (<strong>35759<\\\/strong>) aus meinem Repertoire vorschlagen kann.<\\\/p>\\n\n\n<p style=\\\"text-align: left;\\\">Nat\\u00fcrlich reise ich auch gerne zu euch (zzgl. <strong>Fahrtkosten 0.50\\u20ac\\\/km<\\\/strong>). F\\u00fcr <strong>Boudoir-Shoots<\\\/strong> habe ich immer eine <strong>Indoor-Location<\\\/strong> (35759) f\\u00fcr euch parat.<\\\/p>\"}},{\"type\":\"description_list_item\",\"props\":{\"title\":\"Wie viel kostet ein Shoot bei dir?\",\"content\":\"\n\n<p>Ihr k\\u00f6nnt zwischen<strong> 3 Standard-Paketen (ab 210\\u20ac) <\\\/strong>und <strong>Specials <\\\/strong>w\\u00e4hlen.<\\\/p>\\n\n\n<p><strong>Die Pakete variieren im Umfang, was die Dauer und die Anzahl der ausgelieferten Dateien angeht. <\\\/strong>so ist f\\u00fcr jede\\\/n etwas dabei!<\\\/p>\\n\n\n<p>Bei den gr\\u00f6\\u00dften Paketen gibt es noch <strong>Goodies wie ein Fotobuch <\\\/strong>dazu.<\\\/p>\\n\n\n<p>Schaut euch unter<a href=\\\"http:\\\/\\\/www.miriampeuserphotography.de\\\/preise\\\"> <strong>Preise<\\\/strong><\\\/a> um f\\u00fcr alle Informationen.<\\\/p>\\n\n\n<p><\\\/p>\"}},{\"type\":\"description_list_item\",\"props\":{\"title\":\"Wann ist der beste Zeitpunkt f\\u00fcr einen Babybauch-Shoot?\",\"content\":\"\n\n<p>Ein Babybauch-Shoot macht dann am meisten Sinn, wenn man den Bauch schon sch\\u00f6n sieht, es aber auch \\\"safe\\\" ist, d.h. nicht zu nah am ET. Hier empfehle ich gerne, <strong>zwischen SSW 33-36<\\\/strong> zu shooten. Bitte kontaktiert mich hierzu fr\\u00fchzeitig!<\\\/p>\"}}]}]}]},{\"type\":\"row\",\"children\":[{\"type\":\"column\",\"props\":{\"image_position\":\"center-center\",\"media_overlay_gradient\":\"\"},\"children\":[{\"type\":\"divider\",\"props\":{\"divider_element\":\"hr\"}}]}]}]},{\"type\":\"section\",\"props\":{\"style\":\"default\",\"width\":\"default\",\"vertical_align\":\"middle\",\"title_position\":\"top-left\",\"title_rotation\":\"left\",\"title_breakpoint\":\"xl\",\"image_position\":\"center-center\"},\"children\":[{\"type\":\"row\",\"props\":{\"layout\":\"1-5,4-5\"},\"children\":[{\"type\":\"column\",\"props\":{\"image_position\":\"center-center\",\"media_overlay_gradient\":\"\",\"width_medium\":\"1-5\"},\"children\":[{\"type\":\"headline\",\"props\":{\"title_element\":\"h2\",\"content\":\"W\\u00e4hrend des Shoots\",\"title_style\":\"h5\"}},{\"type\":\"image\",\"props\":{\"margin\":\"default\",\"image_svg_color\":\"emphasis\",\"image\":\"wp-content\\\/uploads\\\/2021\\\/03\\\/TanjaRobin_engagement-49-scaled.jpg\"}}]},{\"type\":\"column\",\"props\":{\"image_position\":\"center-center\",\"media_overlay_gradient\":\"\",\"width_medium\":\"4-5\"},\"children\":[{\"type\":\"description_list\",\"props\":{\"show_title\":true,\"show_meta\":true,\"show_content\":true,\"show_link\":true,\"list_element\":\"ul\",\"column_breakpoint\":\"m\",\"layout\":\"grid-2\",\"title_grid_width\":\"medium\",\"title_grid_column_gap\":\"small\",\"title_grid_row_gap\":\"small\",\"title_element\":\"div\",\"meta_style\":\"meta\",\"meta_align\":\"below-content\",\"list_style\":\"divider\",\"title_grid_breakpoint\":\"s\"},\"children\":[{\"type\":\"description_list_item\",\"props\":{\"title\":\"Was passiert, wenn das Wetter am geplanten Termin nicht mitspielt?\",\"content\":\"\n\n<p>Sollte das Wetter nicht passen, kann das Shooting auf einen Ersatztermin <strong>verschoben<\\\/strong> werden, wobei <strong>keine weiteren Kosten<\\\/strong> f\\u00fcr euch anfallen.<\\\/p>\"}},{\"type\":\"description_list_item\",\"props\":{\"title\":\"Wie l\\u00e4uft ein Shoot bei dir ab?\",\"content\":\"\n\n<p>Sp\\u00e4testens einen Tag vor dem Shoot schicke ich euch meinen <strong>Vertrag als PDF<\\\/strong> zu, in dem nochmal alles geregelt ist.<\\\/p>\\n\n\n<p>Wir treffen uns p\\u00fcnktlich an der vereinbarten Location oder bei mir Zuhause, wobei ihr f\\u00fcr den Shoot <strong>je nach Paket ca. 30 \\u2013 90 Min<\\\/strong>. einplanen solltet.<\\\/p>\\n\n\n<p>Ihr habt so etwas noch nie gemacht und seid ihr daher unsicher vor der Kamera? Kein Problem! Gerne gebe ich euch <strong>Anleitung beim Posing<\\\/strong>, die sch\\u00f6nsten Bilder entstehen n\\u00e4mlich dann, wenn ich authentische Momente einfangen kann.<\\\/p>\\n\n\n<p>Wichtig ist mir dabei immer, dass w\\u00e4hrend dem Shoot eine <strong>entspannte Atmosph\\u00e4re<\\\/strong> herrscht und dass beide Parteien sozusagen \\u201eauf der gleichen Wellenl\\u00e4nge\\u201c liegen.<\\\/p>\"}},{\"type\":\"description_list_item\",\"props\":{\"title\":\"Welches Outfit + Styling sollten wir w\\u00e4hlen?\",\"content\":\"\n\n<p>Die Kleidung spielt eine gro\\u00dfe Rolle f\\u00fcr euer fertiges Ergebnis. Generell empfehle ich <strong>nat\\u00fcrliche Texturen und hellere Farben,<\\\/strong> die aufeinander abgestimmt sind. Bitte <strong>vermeidet<\\\/strong> unbedingt grelle Farben und wilde Muster\\\/Aufdrucke\\\/Logos. Gerne d\\u00fcrft ihr euch auf meiner <strong><a href=\\\"https:\\\/\\\/www.pinterest.de\\\/miriampeuserphotography\\\/\\\">Pinnwand<\\\/a>\\u00a0<\\\/strong> inspirieren lassen.<\\\/p>\\n\n\n<p>Nat\\u00fcrlich k\\u00f6nnt ihr mir auch vorab Fotos und Ideen zukommen lassen, ich berate euch gerne.<\\\/p>\"}}]}]}]},{\"type\":\"row\",\"children\":[{\"type\":\"column\",\"props\":{\"image_position\":\"center-center\",\"media_overlay_gradient\":\"\"},\"children\":[{\"type\":\"divider\",\"props\":{\"divider_element\":\"hr\"}}]}]}]},{\"type\":\"section\",\"props\":{\"style\":\"default\",\"width\":\"default\",\"vertical_align\":\"middle\",\"title_position\":\"top-left\",\"title_rotation\":\"left\",\"title_breakpoint\":\"xl\",\"image_position\":\"center-center\",\"padding_remove_bottom\":false},\"children\":[{\"type\":\"row\",\"props\":{\"layout\":\"1-5,4-5\"},\"children\":[{\"type\":\"column\",\"props\":{\"image_position\":\"center-center\",\"media_overlay_gradient\":\"\",\"width_medium\":\"1-5\",\"width_small\":\"\"},\"children\":[{\"type\":\"headline\",\"props\":{\"title_element\":\"h2\",\"content\":\"Nach dem Shoot\",\"title_style\":\"h5\"}},{\"type\":\"image\",\"props\":{\"margin\":\"default\",\"image_svg_color\":\"emphasis\",\"image\":\"wp-content\\\/uploads\\\/2021\\\/03\\\/Darline_sunflowers_new-scaled.jpg\"}}]},{\"type\":\"column\",\"props\":{\"image_position\":\"center-center\",\"media_overlay_gradient\":\"\",\"width_medium\":\"4-5\"},\"children\":[{\"type\":\"description_list\",\"props\":{\"show_title\":true,\"show_meta\":true,\"show_content\":true,\"show_link\":true,\"list_element\":\"ul\",\"column_breakpoint\":\"m\",\"layout\":\"grid-2\",\"title_grid_width\":\"medium\",\"title_grid_column_gap\":\"small\",\"title_grid_row_gap\":\"small\",\"title_element\":\"div\",\"meta_style\":\"meta\",\"meta_align\":\"below-content\",\"list_style\":\"divider\",\"title_grid_breakpoint\":\"s\"},\"children\":[{\"type\":\"description_list_item\",\"props\":{\"title\":\"Wie viele Bilder bekommen wir? \",\"content\":\"\n\n<p>Je nach gebuchtem Paket variiert die Anzahl der bearbeiteten Dateien von <strong>zwischen 20 und 70+<\\\/strong>, die nachher ausgeliefert werden.<\\\/p>\\n\n\n<p><\\\/p>\"}},{\"type\":\"description_list_item\",\"props\":{\"title\":\"Wie werden die Bilder ausgesucht? \",\"content\":\"\n\n<div id=\\\"full-width\\\">\\n\n\n<p>W\\u00e4hrend des Shoots zeige ich euch die Bilder bereits in der Kamera, sodass ihr einen \\u00dcberblick bekommt und vielleicht sogar schon einige Favoriten entdeckt.<\\\/p>\\n\n\n<p><strong>Nach dem Shoot k\\u00f6nnt ihr alle Bilder in einer Online-Galerie ansehen und dort ausw\\u00e4hlen, welche ihr haben m\\u00f6chtet.<\\\/strong><\\\/p>\\n<\\\/div>\"}},{\"type\":\"description_list_item\",\"props\":{\"title\":\"Wie und wann bekommen wir die Bilder?\",\"content\":\"\n\n<p>Eure Bilder stelle ich euch <strong>nach Zahlungseingang<\\\/strong> in einer stylischen <strong>Online-Galerie<\\\/strong> bereit, die ihr dann bequem per PIN downloaden k\\u00f6nnt. F\\u00fcr die Bearbeitung rechne ich <strong>ca. 7-14 Tage<\\\/strong> ein - in der Hochzeits-Hochsaison auch schon mal etwas l\\u00e4nger.<\\\/p>\\n\n\n<p>Die Dateien bekommt ihr <strong>hochaufl\\u00f6send<\\\/strong> und <strong>ohne Wasserzeichen<\\\/strong> f\\u00fcr eure private Nutzung. Ihr bekommt <strong>ausschlie\\u00dflich bearbeitete Bilder<\\\/strong>.<\\\/p>\"}},{\"type\":\"description_list_item\",\"props\":{\"title\":\"Wie wird gezahlt?\",\"content\":\"\n\n<p>Ihr bekommt nach dem Shoot eine Email mit der <strong>Rechnung<\\\/strong> als PDF, wobei der angegebene Betrag <strong>\\u00fcberwiesen<\\\/strong> wird.<\\\/p>\\n\n\n<p><strong>Barzahlung ist nicht m\\u00f6glich.<\\\/strong><\\\/p>\"}},{\"type\":\"description_list_item\",\"props\":{\"title\":\"Werden unsere Bilder ver\\u00f6ffentlicht?\",\"content\":\"\n\n<p>Sehr gerne zeige ich aktuelle Arbeiten auf meiner Website und auf Social Media.<\\\/p>\\n\n\n<p>Falls ihr aber nicht m\\u00f6chtet, dass eure Bilder gezeigt werden, ist das kein Problem.<\\\/p>\\n\n\n<p>Wenn ihr allerdings einer Ver\\u00f6ffentlichung zustimmt, erhaltet ihr einen <strong>Ver\\u00f6ffentlichungsnachlass von 25%<\\\/strong> auf euer gebuchtes Paket (siehe Preiskatalog).<\\\/p>\"}},{\"type\":\"description_list_item\",\"props\":{\"title\":\"D\\u00fcrfen wir die Bilder ver\\u00f6ffentlichen? Was m\\u00fcssen wir dabei beachten?\",\"content\":\"\n\n<p>Sehr gerne! Ich freue mich immer riesig, wenn meine Kunden zufrieden und gl\\u00fccklich mit dem Ergebnis sind und ihre Bilder ver\\u00f6ffentlichen \\u2013 wichtig ist mir hierbei die <strong>Verlinkung bzw. Nennung<\\\/strong>.<\\\/p>\\n\n\n<p><strong>Ihr bekommt ein privates Nutzungsrecht<\\\/strong>, d.h. ihr d\\u00fcrft sie ausschlie\\u00dflich f\\u00fcr private Zwecke verweden \\u2013 f\\u00fcr kommerzielle Nutzung (z.B. f\\u00fcr Websiten) vereinbaren wir einen gesonderten Preis. <strong>Das Urheberrecht bleibt weiterhin bei mir.<\\\/strong><\\\/p>\\n\n\n<p><strong>Die Bilder d\\u00fcrfen im Nachhinein nicht mehr bearbeitet werden<\\\/strong> - dazu z\\u00e4hlen auch Social Media Filter.<\\\/p>\"}}]}]}]}]},{\"type\":\"section\",\"props\":{\"style\":\"default\",\"width\":\"default\",\"vertical_align\":\"middle\",\"title_position\":\"top-left\",\"title_rotation\":\"left\",\"title_breakpoint\":\"xl\",\"image_position\":\"center-center\",\"title\":\"\"},\"children\":[{\"type\":\"row\",\"children\":[{\"type\":\"column\",\"props\":{\"image_position\":\"center-center\",\"media_overlay_gradient\":\"\",\"width_medium\":\"1-4\"},\"children\":[]},{\"type\":\"column\",\"props\":{\"image_position\":\"center-center\",\"media_overlay_gradient\":\"\",\"width_medium\":\"1-2\",\"vertical_align\":\"middle\"},\"children\":[{\"type\":\"headline\",\"props\":{\"title_element\":\"h4\",\"content\":\"Noch Fragen?\",\"text_align\":\"center\"}},{\"type\":\"button\",\"props\":{\"grid_column_gap\":\"small\",\"grid_row_gap\":\"small\",\"margin\":\"default\",\"text_align\":\"center\"},\"children\":[{\"type\":\"button_item\",\"props\":{\"button_style\":\"default\",\"icon_align\":\"left\",\"content\":\"Let's get in touch\",\"link\":\"index.php?page_id=19\"}}]}]},{\"type\":\"column\",\"props\":{\"image_position\":\"center-center\",\"media_overlay_gradient\":\"\",\"width_medium\":\"1-4\"},\"children\":[]}],\"props\":{\"layout\":\"1-4,1-2,1-4\",\"margin\":\"xlarge\"}}]}],\"version\":\"2.4.14\"} --><\/p>\n","protected":false},"excerpt":{"rendered":"<p>Frequently Asked Questions Vor dem Shoot Welche Art von Shoots bietest du an? Ich habe mich auf Hochzeiten, Paarfotos, Familien (dazu geh\u00f6ren auch Babybauch- und Newborn-Shoots) und Portraits (dazu geh\u00f6ren auch sinnliche Boudoir-Bilder) spezialisert. Au\u00dferdem biete ich Business Portraits f\u00fcr gewerbliche Kunden an. Schau dich gerne in meinem Portfolio um, um dir einen Eindruck zu [&hellip;]<\/p>\n","protected":false},"author":2,"featured_media":0,"parent":0,"menu_order":0,"comment_status":"closed","ping_status":"closed","template":"","meta":[],"_links":{"self":[{"href":"https:\/\/www.miriampeuserphotography.de\/en\/wp-json\/wp\/v2\/pages\/1813"}],"collection":[{"href":"https:\/\/www.miriampeuserphotography.de\/en\/wp-json\/wp\/v2\/pages"}],"about":[{"href":"https:\/\/www.miriampeuserphotography.de\/en\/wp-json\/wp\/v2\/types\/page"}],"author":[{"embeddable":true,"href":"https:\/\/www.miriampeuserphotography.de\/en\/wp-json\/wp\/v2\/users\/2"}],"replies":[{"embeddable":true,"href":"https:\/\/www.miriampeuserphotography.de\/en\/wp-json\/wp\/v2\/comments?post=1813"}],"version-history":[{"count":54,"href":"https:\/\/www.miriampeuserphotography.de\/en\/wp-json\/wp\/v2\/pages\/1813\/revisions"}],"predecessor-version":[{"id":9692,"href":"https:\/\/www.miriampeuserphotography.de\/en\/wp-json\/wp\/v2\/pages\/1813\/revisions\/9692"}],"wp:attachment":[{"href":"https:\/\/www.miriampeuserphotography.de\/en\/wp-json\/wp\/v2\/media?parent=1813"}],"curies":[{"name":"wp","href":"https:\/\/api.w.org\/{rel}","templated":true}]}}