{"id":1208,"date":"2021-01-16T13:18:45","date_gmt":"2021-01-16T13:18:45","guid":{"rendered":"http:\/\/miriampeuserphotography.de\/mimi\/?page_id=1208"},"modified":"2026-02-08T20:45:00","modified_gmt":"2026-02-08T20:45:00","slug":"portrait","status":"publish","type":"page","link":"https:\/\/www.miriampeuserphotography.de\/en\/portrait\/","title":{"rendered":"Portrait"},"content":{"rendered":"<h1>Portrait + Boudoir<\/h1>\n<div>\n<p style=\"text-align: center;\">Jeder Mensch ist unterschiedlich und besonders auf seine ganz eigene Art.<\/p>\n<p style=\"text-align: center;\">Nat\u00fcrliche Sch\u00f6nheit in nat\u00fcrlichem Licht &#8211; einfach DU.<\/p>\n<\/div>\n<ul>\n<li>\n<p>        <img src=\"\/wp-content\/uploads\/2023\/06\/Janina_Flieder_Mai23_MiriamPeuserPhotography-12-scaled.jpg\" alt=\"\"><\/p>\n<\/li>\n<li>\n<p>        <img src=\"\/wp-content\/uploads\/2023\/09\/Lorena_BoudoirAug23_MiriamPeuserPhotography-22-scaled.jpg\" alt=\"\"><\/p>\n<\/li>\n<li>\n<p>        <img src=\"\/wp-content\/uploads\/2022\/09\/Lorena_Aug22_MiriamPeuserPhotography-38-scaled.jpg\" alt=\"\"><\/p>\n<\/li>\n<li>\n<p>        <img src=\"\/wp-content\/uploads\/2021\/03\/Lissy_Boudoir_MiriamPeuserPhotography-38-scaled.jpg\" alt=\"\"><\/p>\n<\/li>\n<li>\n<p>        <img src=\"\/wp-content\/uploads\/2021\/03\/Linda_Single_MiriamPeuserPhotography-01-scaled.jpg\" alt=\"\"><\/p>\n<\/li>\n<li>\n<p>        <img src=\"\/wp-content\/uploads\/2021\/03\/Angelique-01-scaled.jpg\" alt=\"\"><\/p>\n<\/li>\n<li>\n<p>        <img src=\"\/wp-content\/uploads\/2021\/12\/Lisa_Boudoir_Dez21_MiriamPeuserPhotography-55.jpg\" alt=\"\"><\/p>\n<\/li>\n<li>\n<p>        <img src=\"\/wp-content\/uploads\/2021\/03\/Julia_Icelandhorses-36-scaled.jpg\" alt=\"\"><\/p>\n<\/li>\n<li>\n<p>        <img src=\"\/wp-content\/uploads\/2021\/03\/Marie_Rot_MiriamPeuserPhotography-3-scaled.jpg\" alt=\"\"><\/p>\n<\/li>\n<li>\n<p>        <img src=\"\/wp-content\/uploads\/2021\/03\/Carina_Heide_MiriamPeuserPhotography-4-scaled.jpg\" alt=\"\"><\/p>\n<\/li>\n<li>\n<p>        <img src=\"\/wp-content\/uploads\/2021\/03\/Katie_Boudoir_Dez20_MiriamPeuserPhotography-38-scaled.jpg\" alt=\"\"><\/p>\n<\/li>\n<li>\n<p>        <img src=\"\/wp-content\/uploads\/2021\/03\/Jessi-16-2-scaled.jpg\" alt=\"\"><\/p>\n<\/li>\n<li>\n<p>        <img src=\"\/wp-content\/uploads\/2021\/03\/Miriam_HP2020_MiriamPeuserPhotography-8.2-scaled.jpg\" alt=\"\"><\/p>\n<\/li>\n<li>\n<p>        <img src=\"\/wp-content\/uploads\/2024\/05\/Theresa_Apfelbaum_Mai24-48-scaled.jpg\" alt=\"\"><\/p>\n<\/li>\n<li>\n<p>        <img src=\"\/wp-content\/uploads\/2021\/12\/Lisa_Boudoir_Dez21_MiriamPeuserPhotography-16.jpg\" alt=\"\"><\/p>\n<\/li>\n<li>\n<p>        <img src=\"\/wp-content\/uploads\/2021\/03\/Marie-33-scaled.jpg\" alt=\"\"><\/p>\n<\/li>\n<li>\n<p>        <img src=\"\/wp-content\/uploads\/2023\/11\/Sabrina_Nov23_MiriamPeuserPhotography-19-scaled.jpg\" alt=\"\"><\/p>\n<\/li>\n<li>\n<p>        <img src=\"\/wp-content\/uploads\/2021\/03\/Nina_Magnolia-39-1-scaled.jpg\" alt=\"\"><\/p>\n<\/li>\n<li>\n<p>        <img src=\"\/wp-content\/uploads\/2021\/05\/Mallorca_Day2_MiriamPeuserPhotography-67-Kopie-scaled.jpg\" alt=\"\"><\/p>\n<\/li>\n<li>\n<p>        <img src=\"\/wp-content\/uploads\/2021\/05\/Nina_Jan21_MiriamPeuserPhotography-18-scaled.jpg\" alt=\"\"><\/p>\n<\/li>\n<li>\n<p>        <img src=\"\/wp-content\/uploads\/2024\/04\/Laura_Magnolia24-6-scaled.jpg\" alt=\"\"><\/p>\n<\/li>\n<li>\n<p>        <img src=\"\/wp-content\/uploads\/2022\/08\/Diana_Aug22_MiriamPeuserPhotography-23-scaled.jpg\" alt=\"\"><\/p>\n<\/li>\n<li>\n<p>        <img src=\"\/wp-content\/uploads\/2024\/05\/Theresa_Apfelbaum_Mai24-91-scaled.jpg\" alt=\"\"><\/p>\n<\/li>\n<li>\n<p>        <img src=\"\/wp-content\/uploads\/2022\/08\/Diana_Aug22_MiriamPeuserPhotography-7-scaled.jpg\" alt=\"\"><\/p>\n<\/li>\n<li>\n<p>        <img src=\"\/wp-content\/uploads\/2023\/09\/Lorena_BoudoirAug23_MiriamPeuserPhotography-52-scaled.jpg\" alt=\"\"><\/p>\n<\/li>\n<li>\n<p>        <img src=\"\/wp-content\/uploads\/2023\/06\/Sophia_Boudoir_Mai23_MiriamPeuserPhotography-23-scaled.jpg\" alt=\"\"><\/p>\n<\/li>\n<li>\n<p>        <img src=\"\/wp-content\/uploads\/2023\/06\/Janina_Flieder_Mai23_MiriamPeuserPhotography-34-scaled.jpg\" alt=\"\"><\/p>\n<\/li>\n<li>\n<p>        <img src=\"\/wp-content\/uploads\/2023\/08\/AnnaLukas_Aug23_MiriamPeuserPhotography-26-scaled.jpg\" alt=\"\"><\/p>\n<\/li>\n<li>\n<p>        <img src=\"\/wp-content\/uploads\/2024\/07\/AfterBabyBody_Juni24_MiriamPeuserPhotography-56-scaled.jpg\" alt=\"\"><\/p>\n<\/li>\n<li>\n<p>        <img src=\"\/wp-content\/uploads\/2025\/08\/FamilyNiesmann_Okt23_MiriamPeuserPhotography-60-scaled.jpg\" alt=\"\"><\/p>\n<\/li>\n<\/ul>\n<p><!--more--><br \/>\n<!-- {\"name\":\"Photos\",\"type\":\"layout\",\"children\":[{\"name\":\"Hero\",\"type\":\"section\",\"props\":{\"style\":\"default\",\"width\":\"default\",\"vertical_align\":\"middle\",\"title_position\":\"top-left\",\"title_rotation\":\"left\",\"title_breakpoint\":\"xl\",\"image_position\":\"center-center\",\"image\":\"\"},\"children\":[{\"name\":\"\",\"type\":\"row\",\"props\":{\"width\":\"expand\"},\"children\":[{\"name\":\"\",\"type\":\"column\",\"props\":{\"image_position\":\"top-center\",\"image\":\"\",\"width_medium\":\"1-1\",\"media_overlay_gradient\":\"\",\"media_visibility\":\"s\"},\"children\":[{\"type\":\"headline\",\"props\":{\"title_element\":\"h1\",\"text_align\":\"center\",\"content\":\"Portrait + Boudoir\",\"title_decoration\":\"line\"}},{\"type\":\"text\",\"props\":{\"margin\":\"default\",\"column_breakpoint\":\"m\",\"content\":\"\n\n<p style=\\\"text-align: center;\\\">Jeder Mensch ist unterschiedlich und besonders auf seine ganz eigene Art.<\\\/p>\\n\n\n<p style=\\\"text-align: center;\\\">Nat\\u00fcrliche Sch\\u00f6nheit in nat\\u00fcrlichem Licht - einfach DU.<\\\/p>\"}}]}]}]},{\"type\":\"section\",\"props\":{\"style\":\"default\",\"width\":\"default\",\"vertical_align\":\"middle\",\"title_position\":\"top-left\",\"title_rotation\":\"left\",\"title_breakpoint\":\"xl\",\"image_position\":\"center-center\"},\"children\":[{\"type\":\"row\",\"children\":[{\"type\":\"column\",\"props\":{\"image_position\":\"center-center\",\"media_overlay_gradient\":\"\"},\"children\":[{\"type\":\"gallery\",\"props\":{\"show_title\":false,\"show_meta\":false,\"show_content\":false,\"show_link\":false,\"show_hover_image\":false,\"grid_default\":\"1\",\"grid_medium\":\"2\",\"filter_style\":\"tab\",\"filter_all\":true,\"filter_position\":\"top\",\"filter_align\":\"left\",\"filter_grid_width\":\"auto\",\"filter_grid_breakpoint\":\"m\",\"overlay_mode\":\"caption\",\"overlay_hover\":false,\"overlay_style\":\"overlay-default\",\"text_color\":\"light\",\"overlay_position\":\"center\",\"overlay_transition\":\"fade\",\"title_hover_style\":\"reset\",\"title_element\":\"h3\",\"meta_style\":\"meta\",\"meta_align\":\"below-title\",\"meta_element\":\"div\",\"link_text\":\"Read more\",\"link_style\":\"default\",\"text_align\":\"center\",\"margin\":\"default\",\"item_animation\":\"\",\"grid_masonry\":true,\"grid_parallax\":\"180\",\"grid_column_gap\":\"medium\",\"grid_row_gap\":\"medium\",\"grid_small\":\"2\",\"overlay_padding\":\"large\",\"overlay_margin\":\"medium\",\"image_width\":\"610\"},\"children\":[{\"type\":\"gallery_item\",\"props\":{\"image\":\"wp-content\\\/uploads\\\/2023\\\/06\\\/Janina_Flieder_Mai23_MiriamPeuserPhotography-12-scaled.jpg\"}},{\"type\":\"gallery_item\",\"props\":{\"image\":\"wp-content\\\/uploads\\\/2023\\\/09\\\/Lorena_BoudoirAug23_MiriamPeuserPhotography-22-scaled.jpg\"}},{\"type\":\"gallery_item\",\"props\":{\"image\":\"wp-content\\\/uploads\\\/2022\\\/09\\\/Lorena_Aug22_MiriamPeuserPhotography-38-scaled.jpg\"}},{\"type\":\"gallery_item\",\"props\":{\"image\":\"wp-content\\\/uploads\\\/2021\\\/03\\\/Lissy_Boudoir_MiriamPeuserPhotography-38-scaled.jpg\"}},{\"type\":\"gallery_item\",\"props\":{\"image\":\"wp-content\\\/uploads\\\/2021\\\/03\\\/Linda_Single_MiriamPeuserPhotography-01-scaled.jpg\"}},{\"type\":\"gallery_item\",\"props\":{\"image\":\"wp-content\\\/uploads\\\/2021\\\/03\\\/Angelique-01-scaled.jpg\"}},{\"type\":\"gallery_item\",\"props\":{\"image\":\"wp-content\\\/uploads\\\/2021\\\/12\\\/Lisa_Boudoir_Dez21_MiriamPeuserPhotography-55.jpg\"}},{\"type\":\"gallery_item\",\"props\":{\"image\":\"wp-content\\\/uploads\\\/2021\\\/03\\\/Julia_Icelandhorses-36-scaled.jpg\"}},{\"type\":\"gallery_item\",\"props\":{\"image\":\"wp-content\\\/uploads\\\/2021\\\/03\\\/Marie_Rot_MiriamPeuserPhotography-3-scaled.jpg\"}},{\"type\":\"gallery_item\",\"props\":{\"image\":\"wp-content\\\/uploads\\\/2021\\\/03\\\/Carina_Heide_MiriamPeuserPhotography-4-scaled.jpg\"}},{\"type\":\"gallery_item\",\"props\":{\"image\":\"wp-content\\\/uploads\\\/2021\\\/03\\\/Katie_Boudoir_Dez20_MiriamPeuserPhotography-38-scaled.jpg\"}},{\"type\":\"gallery_item\",\"props\":{\"image\":\"wp-content\\\/uploads\\\/2021\\\/03\\\/Jessi-16-2-scaled.jpg\"}},{\"type\":\"gallery_item\",\"props\":{\"image\":\"wp-content\\\/uploads\\\/2021\\\/03\\\/Miriam_HP2020_MiriamPeuserPhotography-8.2-scaled.jpg\"}},{\"type\":\"gallery_item\",\"props\":{\"image\":\"wp-content\\\/uploads\\\/2024\\\/05\\\/Theresa_Apfelbaum_Mai24-48-scaled.jpg\"}},{\"type\":\"gallery_item\",\"props\":{\"image\":\"wp-content\\\/uploads\\\/2021\\\/12\\\/Lisa_Boudoir_Dez21_MiriamPeuserPhotography-16.jpg\"}},{\"type\":\"gallery_item\",\"props\":{\"image\":\"wp-content\\\/uploads\\\/2021\\\/03\\\/Marie-33-scaled.jpg\"}},{\"type\":\"gallery_item\",\"props\":{\"image\":\"wp-content\\\/uploads\\\/2023\\\/11\\\/Sabrina_Nov23_MiriamPeuserPhotography-19-scaled.jpg\"}},{\"type\":\"gallery_item\",\"props\":{\"image\":\"wp-content\\\/uploads\\\/2021\\\/03\\\/Nina_Magnolia-39-1-scaled.jpg\"}},{\"type\":\"gallery_item\",\"props\":{\"image\":\"wp-content\\\/uploads\\\/2021\\\/05\\\/Mallorca_Day2_MiriamPeuserPhotography-67-Kopie-scaled.jpg\"}},{\"type\":\"gallery_item\",\"props\":{\"image\":\"wp-content\\\/uploads\\\/2021\\\/05\\\/Nina_Jan21_MiriamPeuserPhotography-18-scaled.jpg\"}},{\"type\":\"gallery_item\",\"props\":{\"image\":\"wp-content\\\/uploads\\\/2024\\\/04\\\/Laura_Magnolia24-6-scaled.jpg\"}},{\"type\":\"gallery_item\",\"props\":{\"image\":\"wp-content\\\/uploads\\\/2022\\\/08\\\/Diana_Aug22_MiriamPeuserPhotography-23-scaled.jpg\"}},{\"type\":\"gallery_item\",\"props\":{\"image\":\"wp-content\\\/uploads\\\/2024\\\/05\\\/Theresa_Apfelbaum_Mai24-91-scaled.jpg\"}},{\"type\":\"gallery_item\",\"props\":{\"image\":\"wp-content\\\/uploads\\\/2022\\\/08\\\/Diana_Aug22_MiriamPeuserPhotography-7-scaled.jpg\"}},{\"type\":\"gallery_item\",\"props\":{\"image\":\"wp-content\\\/uploads\\\/2023\\\/09\\\/Lorena_BoudoirAug23_MiriamPeuserPhotography-52-scaled.jpg\"}},{\"type\":\"gallery_item\",\"props\":{\"image\":\"wp-content\\\/uploads\\\/2023\\\/06\\\/Sophia_Boudoir_Mai23_MiriamPeuserPhotography-23-scaled.jpg\"}},{\"type\":\"gallery_item\",\"props\":{\"image\":\"wp-content\\\/uploads\\\/2023\\\/06\\\/Janina_Flieder_Mai23_MiriamPeuserPhotography-34-scaled.jpg\"}},{\"type\":\"gallery_item\",\"props\":{\"image\":\"wp-content\\\/uploads\\\/2023\\\/08\\\/AnnaLukas_Aug23_MiriamPeuserPhotography-26-scaled.jpg\"}},{\"type\":\"gallery_item\",\"props\":{\"image\":\"wp-content\\\/uploads\\\/2024\\\/07\\\/AfterBabyBody_Juni24_MiriamPeuserPhotography-56-scaled.jpg\"}},{\"type\":\"gallery_item\",\"props\":{\"image\":\"wp-content\\\/uploads\\\/2025\\\/08\\\/FamilyNiesmann_Okt23_MiriamPeuserPhotography-60-scaled.jpg\"}}]}]}]}]}],\"version\":\"2.4.14\"} --><\/p>\n","protected":false},"excerpt":{"rendered":"<p>Portrait + Boudoir Jeder Mensch ist unterschiedlich und besonders auf seine ganz eigene Art. Nat\u00fcrliche Sch\u00f6nheit in nat\u00fcrlichem Licht &#8211; einfach DU.<\/p>","protected":false},"author":1,"featured_media":0,"parent":0,"menu_order":0,"comment_status":"closed","ping_status":"closed","template":"","meta":[],"_links":{"self":[{"href":"https:\/\/www.miriampeuserphotography.de\/en\/wp-json\/wp\/v2\/pages\/1208"}],"collection":[{"href":"https:\/\/www.miriampeuserphotography.de\/en\/wp-json\/wp\/v2\/pages"}],"about":[{"href":"https:\/\/www.miriampeuserphotography.de\/en\/wp-json\/wp\/v2\/types\/page"}],"author":[{"embeddable":true,"href":"https:\/\/www.miriampeuserphotography.de\/en\/wp-json\/wp\/v2\/users\/1"}],"replies":[{"embeddable":true,"href":"https:\/\/www.miriampeuserphotography.de\/en\/wp-json\/wp\/v2\/comments?post=1208"}],"version-history":[{"count":45,"href":"https:\/\/www.miriampeuserphotography.de\/en\/wp-json\/wp\/v2\/pages\/1208\/revisions"}],"predecessor-version":[{"id":9679,"href":"https:\/\/www.miriampeuserphotography.de\/en\/wp-json\/wp\/v2\/pages\/1208\/revisions\/9679"}],"wp:attachment":[{"href":"https:\/\/www.miriampeuserphotography.de\/en\/wp-json\/wp\/v2\/media?parent=1208"}],"curies":[{"name":"wp","href":"https:\/\/api.w.org\/{rel}","templated":true}]}}